{"id":36938,"date":"2024-03-19T16:28:49","date_gmt":"2024-03-19T15:28:49","guid":{"rendered":"https:\/\/www.promotio.sk\/shop\/nezaraden\u00e9\/esparta\/"},"modified":"2024-03-19T16:34:00","modified_gmt":"2024-03-19T15:34:00","slug":"esparta","status":"publish","type":"product","link":"https:\/\/www.promotio.sk\/de\/shop\/sports\/chnd\/esparta\/","title":{"rendered":"ESPARTA"},"content":{"rendered":"<p>Trainingsanzug mit Jacke und Hose.<br \/>\n1.- Hoher Kragen mit Rei\u00dfverschlussschutz.<br \/>\n2.- Vordertaschen mit kontrastierender Rippe.<br \/>\n3.- 1\u00d71 Kontrastrippe an B\u00fcndchen und Taille.<br \/>\n4.- Zentraler Rei\u00dfverschluss mit verdeckten N\u00e4hten.<br \/>\n5.- Hose mit elastischem Bund und verstellbarem Kordelzug mit Sicherheitsn\u00e4hten. Zwei Seitentaschen mit breiter Rippe.<br \/>\n6.- Bequemes Samtfutter.<br \/>\n7.- Rei\u00dfverschluss am unteren Bein.<br \/>Zusammensetzung: 100% Polyester, Acetatgewebe, 210 g\/m\u00b2.<br \/>Anmerkungen: *Abnehmbares Etikett.<br \/>\n*Set mit verschiedenen Teilen.<br \/>\n*In Kindergr\u00f6\u00dfen erh\u00e4ltlich.<br \/>\n*3 Jahre im Katalog.<br \/><img decoding=\"async\" src=\"https:\/\/static.gorfactory.es\/pics\/measures\/CH_HO.jpg\"><\/p>","protected":false},"excerpt":{"rendered":"<p>Tracksuit with jacket and trousers. 1.- High collar with zip protector. 2.- Front pockets with contrasting rib. 3.- 1&#215;1 contrasting<\/p>","protected":false},"featured_media":36939,"comment_status":"open","ping_status":"closed","template":"","meta":[],"product_cat":[625],"product_tag":[],"class_list":{"0":"post-36938","1":"product","2":"type-product","3":"status-publish","4":"has-post-thumbnail","6":"product_cat-chnd","8":"first","9":"instock","10":"shipping-taxable","11":"purchasable","12":"product-type-variable"},"_links":{"self":[{"href":"https:\/\/www.promotio.sk\/de\/wp-json\/wp\/v2\/product\/36938","targetHints":{"allow":["GET"]}}],"collection":[{"href":"https:\/\/www.promotio.sk\/de\/wp-json\/wp\/v2\/product"}],"about":[{"href":"https:\/\/www.promotio.sk\/de\/wp-json\/wp\/v2\/types\/product"}],"replies":[{"embeddable":true,"href":"https:\/\/www.promotio.sk\/de\/wp-json\/wp\/v2\/comments?post=36938"}],"wp:featuredmedia":[{"embeddable":true,"href":"https:\/\/www.promotio.sk\/de\/wp-json\/wp\/v2\/media\/36939"}],"wp:attachment":[{"href":"https:\/\/www.promotio.sk\/de\/wp-json\/wp\/v2\/media?parent=36938"}],"wp:term":[{"taxonomy":"product_cat","embeddable":true,"href":"https:\/\/www.promotio.sk\/de\/wp-json\/wp\/v2\/product_cat?post=36938"},{"taxonomy":"product_tag","embeddable":true,"href":"https:\/\/www.promotio.sk\/de\/wp-json\/wp\/v2\/product_tag?post=36938"}],"curies":[{"name":"wp","href":"https:\/\/api.w.org\/{rel}","templated":true}]}}