{"id":36899,"date":"2024-03-19T16:26:24","date_gmt":"2024-03-19T15:26:24","guid":{"rendered":"https:\/\/www.promotio.sk\/shop\/nezaraden\u00e9\/soccer\/"},"modified":"2024-03-19T16:28:48","modified_gmt":"2024-03-19T15:28:48","slug":"soccer","status":"publish","type":"product","link":"https:\/\/www.promotio.sk\/de\/shop\/sports\/equip\/soccer\/","title":{"rendered":"FUSSBALL"},"content":{"rendered":"<p>Leistungsstarke gerippte Sportsocken mit progressiver Elastizit\u00e4t zur besseren Anpassung an unterschiedliche Gr\u00f6\u00dfen und elastischen Bereichen f\u00fcr besseren Halt.<br \/>Zusammensetzung: Bein: 100% Polyester.<br \/>\nFu\u00df: 80% Polyester \/ 17% Baumwolle \/ 3% Elastan.<br \/>Bemerkungen: GR\u00d6SSEN<br \/>\nKinder (31\/34)<br \/>\nJunioren (35\/40)<br \/>\nSenioren (41\/46)<br \/>\n*Atmungsaktiver Stoff.<\/p>","protected":false},"excerpt":{"rendered":"<p>High-performance ribbed sports socks, with progressive elasticity for better adaptation to different sizes and elastic areas for better grip.Composition: Leg:<\/p>","protected":false},"featured_media":36900,"comment_status":"open","ping_status":"closed","template":"","meta":[],"product_cat":[631],"product_tag":[],"class_list":{"0":"post-36899","1":"product","2":"type-product","3":"status-publish","4":"has-post-thumbnail","6":"product_cat-equip","8":"first","9":"instock","10":"shipping-taxable","11":"purchasable","12":"product-type-variable"},"_links":{"self":[{"href":"https:\/\/www.promotio.sk\/de\/wp-json\/wp\/v2\/product\/36899","targetHints":{"allow":["GET"]}}],"collection":[{"href":"https:\/\/www.promotio.sk\/de\/wp-json\/wp\/v2\/product"}],"about":[{"href":"https:\/\/www.promotio.sk\/de\/wp-json\/wp\/v2\/types\/product"}],"replies":[{"embeddable":true,"href":"https:\/\/www.promotio.sk\/de\/wp-json\/wp\/v2\/comments?post=36899"}],"wp:featuredmedia":[{"embeddable":true,"href":"https:\/\/www.promotio.sk\/de\/wp-json\/wp\/v2\/media\/36900"}],"wp:attachment":[{"href":"https:\/\/www.promotio.sk\/de\/wp-json\/wp\/v2\/media?parent=36899"}],"wp:term":[{"taxonomy":"product_cat","embeddable":true,"href":"https:\/\/www.promotio.sk\/de\/wp-json\/wp\/v2\/product_cat?post=36899"},{"taxonomy":"product_tag","embeddable":true,"href":"https:\/\/www.promotio.sk\/de\/wp-json\/wp\/v2\/product_tag?post=36899"}],"curies":[{"name":"wp","href":"https:\/\/api.w.org\/{rel}","templated":true}]}}