{"id":36759,"date":"2024-03-19T16:17:09","date_gmt":"2024-03-19T15:17:09","guid":{"rendered":"https:\/\/www.promotio.sk\/shop\/nezaraden\u00e9\/avus\/"},"modified":"2024-03-19T16:21:15","modified_gmt":"2024-03-19T15:21:15","slug":"avus","status":"publish","type":"product","link":"https:\/\/www.promotio.sk\/de\/shop\/sports\/cam_sp\/sp_tshi\/avus\/","title":{"rendered":"AVUS"},"content":{"rendered":"<p>Technisches Allsport-T-Shirt f\u00fcr Damen mit Raglan-Kurzarm. V-Ausschnitt. Polyestergewebe, Baumwollgef\u00fchl. K\u00f6rperbetonter Schnitt. <br \/>Zusammensetzung: 92% Polyester \/ 8% Elastan, 160 g\/m\u00b2.<br \/>Bemerkungen: Leicht trocknender, atmungsaktiver Stoff.<br \/>\n*Sanfte Ber\u00fchrung.<br \/>\n*Abnehmbares Etikett.<br \/>\n*Technischer Stoff.<br \/>\n*Schwarze Farbe kann nur bestickt werden. Eine andere Weiterverarbeitung ist nicht m\u00f6glich.<br \/>\n<br \/><img decoding=\"async\" src=\"https:\/\/static.gorfactory.es\/pics\/measures\/CA_MC_MU.jpg\"><\/p>","protected":false},"excerpt":{"rendered":"<p>All-sports technical t-shirt for women with raglan style short-sleeve. V-neck. Polyester fabric, cotton feel. Fitted cut. Composition: 92% polyester \/<\/p>","protected":false},"featured_media":36760,"comment_status":"open","ping_status":"closed","template":"","meta":[],"product_cat":[624,623],"product_tag":[],"class_list":{"0":"post-36759","1":"product","2":"type-product","3":"status-publish","4":"has-post-thumbnail","6":"product_cat-sp_tshi","7":"product_cat-cam_sp","9":"first","10":"instock","11":"shipping-taxable","12":"purchasable","13":"product-type-variable"},"_links":{"self":[{"href":"https:\/\/www.promotio.sk\/de\/wp-json\/wp\/v2\/product\/36759","targetHints":{"allow":["GET"]}}],"collection":[{"href":"https:\/\/www.promotio.sk\/de\/wp-json\/wp\/v2\/product"}],"about":[{"href":"https:\/\/www.promotio.sk\/de\/wp-json\/wp\/v2\/types\/product"}],"replies":[{"embeddable":true,"href":"https:\/\/www.promotio.sk\/de\/wp-json\/wp\/v2\/comments?post=36759"}],"wp:featuredmedia":[{"embeddable":true,"href":"https:\/\/www.promotio.sk\/de\/wp-json\/wp\/v2\/media\/36760"}],"wp:attachment":[{"href":"https:\/\/www.promotio.sk\/de\/wp-json\/wp\/v2\/media?parent=36759"}],"wp:term":[{"taxonomy":"product_cat","embeddable":true,"href":"https:\/\/www.promotio.sk\/de\/wp-json\/wp\/v2\/product_cat?post=36759"},{"taxonomy":"product_tag","embeddable":true,"href":"https:\/\/www.promotio.sk\/de\/wp-json\/wp\/v2\/product_tag?post=36759"}],"curies":[{"name":"wp","href":"https:\/\/api.w.org\/{rel}","templated":true}]}}