{"id":36176,"date":"2024-03-19T15:43:50","date_gmt":"2024-03-19T14:43:50","guid":{"rendered":"https:\/\/www.promotio.sk\/shop\/nezaraden\u00e9\/shanghai-woman\/"},"modified":"2024-03-19T15:46:55","modified_gmt":"2024-03-19T14:46:55","slug":"shanghai-woman","status":"publish","type":"product","link":"https:\/\/www.promotio.sk\/de\/shop\/sports\/cam_sp\/sp_tshi\/shanghai-woman\/","title":{"rendered":"SHANGHAI-FRAU"},"content":{"rendered":"<p>Technisches T-Shirt aus zwei Polyestergeweben. Raglan-Stil mit kurzen \u00c4rmeln. Hauptgewebe in Vogelaugenoptik, Seitenteile und Innen\u00e4rmel aus mikroperforiertem Gewebe. Rundhalsausschnitt mit verst\u00e4rkten verdeckten N\u00e4hten. Bequemes T-Shirt aus Stoff, das sich gut an den K\u00f6rper anpasst.<br \/>Zusammensetzung: Hauptgewebe: 100% Vogelaugenpolyester. Seiteneins\u00e4tze: 100% mikroperforiertes Polyester, 140 g.<br \/>Anmerkungen: *Abnehmbares Etikett.<br \/>\n*Technischer Stoff.<br \/>\n*Atmungsaktiver Stoff.<br \/>\n*Duo-Konzept.<br \/>\n<br \/><img decoding=\"async\" src=\"https:\/\/static.gorfactory.es\/pics\/measures\/CA_MC_MU.jpg\"><\/p>","protected":false},"excerpt":{"rendered":"<p>Technical t-shirt combined in two polyester fabrics. Short-sleeve raglan style. Bird&#8217;s eye main fabric, and side panels and inner sleeve<\/p>","protected":false},"featured_media":36177,"comment_status":"open","ping_status":"closed","template":"","meta":[],"product_cat":[624,623],"product_tag":[],"class_list":{"0":"post-36176","1":"product","2":"type-product","3":"status-publish","4":"has-post-thumbnail","6":"product_cat-sp_tshi","7":"product_cat-cam_sp","9":"first","10":"instock","11":"shipping-taxable","12":"purchasable","13":"product-type-variable"},"_links":{"self":[{"href":"https:\/\/www.promotio.sk\/de\/wp-json\/wp\/v2\/product\/36176","targetHints":{"allow":["GET"]}}],"collection":[{"href":"https:\/\/www.promotio.sk\/de\/wp-json\/wp\/v2\/product"}],"about":[{"href":"https:\/\/www.promotio.sk\/de\/wp-json\/wp\/v2\/types\/product"}],"replies":[{"embeddable":true,"href":"https:\/\/www.promotio.sk\/de\/wp-json\/wp\/v2\/comments?post=36176"}],"wp:featuredmedia":[{"embeddable":true,"href":"https:\/\/www.promotio.sk\/de\/wp-json\/wp\/v2\/media\/36177"}],"wp:attachment":[{"href":"https:\/\/www.promotio.sk\/de\/wp-json\/wp\/v2\/media?parent=36176"}],"wp:term":[{"taxonomy":"product_cat","embeddable":true,"href":"https:\/\/www.promotio.sk\/de\/wp-json\/wp\/v2\/product_cat?post=36176"},{"taxonomy":"product_tag","embeddable":true,"href":"https:\/\/www.promotio.sk\/de\/wp-json\/wp\/v2\/product_tag?post=36176"}],"curies":[{"name":"wp","href":"https:\/\/api.w.org\/{rel}","templated":true}]}}