{"id":36096,"date":"2024-03-19T15:39:18","date_gmt":"2024-03-19T14:39:18","guid":{"rendered":"https:\/\/www.promotio.sk\/shop\/nezaraden\u00e9\/shanghai\/"},"modified":"2024-03-19T15:43:49","modified_gmt":"2024-03-19T14:43:49","slug":"shanghai","status":"publish","type":"product","link":"https:\/\/www.promotio.sk\/de\/shop\/sports\/cam_sp\/sp_tshi\/shanghai\/","title":{"rendered":"SCHANGHAI"},"content":{"rendered":"<p>Technisches T-Shirt aus einer Kombination von zwei Polyestergeweben und Raglan-Kurzarm-Stil. Hauptgewebe in Vogelaugenoptik, Seitenteile und Innen\u00e4rmel aus mikroperforiertem Gewebe. Rundhalsausschnitt mit innen verst\u00e4rkten verdeckten N\u00e4hten. Bequemes und bequem sitzendes Gewebe.<br \/>Zusammensetzung: Hauptgewebe: 100% Vogelaugenpolyester. Seiteneins\u00e4tze: 100% mikroperforiertes Polyester, 140 g.<br \/>Anmerkungen: *Abnehmbares Etikett.<br \/>\n*Technischer Stoff.<br \/>\n*Atmungsaktiver Stoff.<br \/>\n*Duo-Konzept.<br \/>\n*In Kindergr\u00f6\u00dfen erh\u00e4ltlich.<br \/>\n<br \/><img decoding=\"async\" src=\"https:\/\/static.gorfactory.es\/pics\/measures\/CA_MC_HO.jpg\"><\/p>","protected":false},"excerpt":{"rendered":"<p>Technical t-shirt with a combination of two polyester fabrics and short-sleeve raglan style. Main fabric in birds&#8217;s eye, side panels<\/p>","protected":false},"featured_media":36097,"comment_status":"open","ping_status":"closed","template":"","meta":[],"product_cat":[624,623],"product_tag":[],"class_list":{"0":"post-36096","1":"product","2":"type-product","3":"status-publish","4":"has-post-thumbnail","6":"product_cat-sp_tshi","7":"product_cat-cam_sp","9":"first","10":"instock","11":"shipping-taxable","12":"purchasable","13":"product-type-variable"},"_links":{"self":[{"href":"https:\/\/www.promotio.sk\/de\/wp-json\/wp\/v2\/product\/36096","targetHints":{"allow":["GET"]}}],"collection":[{"href":"https:\/\/www.promotio.sk\/de\/wp-json\/wp\/v2\/product"}],"about":[{"href":"https:\/\/www.promotio.sk\/de\/wp-json\/wp\/v2\/types\/product"}],"replies":[{"embeddable":true,"href":"https:\/\/www.promotio.sk\/de\/wp-json\/wp\/v2\/comments?post=36096"}],"wp:featuredmedia":[{"embeddable":true,"href":"https:\/\/www.promotio.sk\/de\/wp-json\/wp\/v2\/media\/36097"}],"wp:attachment":[{"href":"https:\/\/www.promotio.sk\/de\/wp-json\/wp\/v2\/media?parent=36096"}],"wp:term":[{"taxonomy":"product_cat","embeddable":true,"href":"https:\/\/www.promotio.sk\/de\/wp-json\/wp\/v2\/product_cat?post=36096"},{"taxonomy":"product_tag","embeddable":true,"href":"https:\/\/www.promotio.sk\/de\/wp-json\/wp\/v2\/product_tag?post=36096"}],"curies":[{"name":"wp","href":"https:\/\/api.w.org\/{rel}","templated":true}]}}