{"id":35968,"date":"2024-03-19T15:31:09","date_gmt":"2024-03-19T14:31:09","guid":{"rendered":"https:\/\/www.promotio.sk\/shop\/nezaraden\u00e9\/monaco\/"},"modified":"2024-03-19T15:39:17","modified_gmt":"2024-03-19T14:39:17","slug":"monaco","status":"publish","type":"product","link":"https:\/\/www.promotio.sk\/de\/shop\/sports\/cam_sp\/sp_tshi\/monaco\/","title":{"rendered":"MONACO"},"content":{"rendered":"<p>Technisches Unisex-T-Shirt mit Raglan\u00e4rmeln. Zweistoffkombination: Interlock auf der Vorderseite und 3D-Gitter auf der R\u00fcckseite. Weicher und anpassungsf\u00e4higer Stoff f\u00fcr eine bessere Leistung. Kontrastierende, verst\u00e4rkte, verdeckte N\u00e4hte in fluoreszierendem Gelb. Unterer R\u00fccken etwas l\u00e4nger als der vordere.<br \/>Zusammensetzung: Stoff vorne: 100% Polyester. Stoff hinten: 100% 3D-Gitterpolyester, 140 g\/m\u00b2.<br \/>Bemerkungen: Leicht zu trocknendes, atmungsaktives Modell.<br \/>\n*Abnehmbares Etikett.<br \/>\n*Technischer Stoff.<br \/>\n*Atmungsaktiv.<br \/>\n<br \/><img decoding=\"async\" src=\"https:\/\/static.gorfactory.es\/pics\/measures\/CA_MC_HO.jpg\"><\/p>","protected":false},"excerpt":{"rendered":"<p>Unisex technical t-shirt with raglan sleeves. Two-fabric combination: interlock on front and 3D grid on back. Soft and adaptable fabric<\/p>","protected":false},"featured_media":35969,"comment_status":"open","ping_status":"closed","template":"","meta":[],"product_cat":[624,623],"product_tag":[],"class_list":{"0":"post-35968","1":"product","2":"type-product","3":"status-publish","4":"has-post-thumbnail","6":"product_cat-sp_tshi","7":"product_cat-cam_sp","9":"first","10":"instock","11":"shipping-taxable","12":"purchasable","13":"product-type-variable"},"_links":{"self":[{"href":"https:\/\/www.promotio.sk\/de\/wp-json\/wp\/v2\/product\/35968","targetHints":{"allow":["GET"]}}],"collection":[{"href":"https:\/\/www.promotio.sk\/de\/wp-json\/wp\/v2\/product"}],"about":[{"href":"https:\/\/www.promotio.sk\/de\/wp-json\/wp\/v2\/types\/product"}],"replies":[{"embeddable":true,"href":"https:\/\/www.promotio.sk\/de\/wp-json\/wp\/v2\/comments?post=35968"}],"wp:featuredmedia":[{"embeddable":true,"href":"https:\/\/www.promotio.sk\/de\/wp-json\/wp\/v2\/media\/35969"}],"wp:attachment":[{"href":"https:\/\/www.promotio.sk\/de\/wp-json\/wp\/v2\/media?parent=35968"}],"wp:term":[{"taxonomy":"product_cat","embeddable":true,"href":"https:\/\/www.promotio.sk\/de\/wp-json\/wp\/v2\/product_cat?post=35968"},{"taxonomy":"product_tag","embeddable":true,"href":"https:\/\/www.promotio.sk\/de\/wp-json\/wp\/v2\/product_tag?post=35968"}],"curies":[{"name":"wp","href":"https:\/\/api.w.org\/{rel}","templated":true}]}}