{"id":35695,"date":"2024-03-19T15:13:44","date_gmt":"2024-03-19T14:13:44","guid":{"rendered":"https:\/\/www.promotio.sk\/shop\/nezaraden\u00e9\/camimera\/"},"modified":"2024-03-19T15:24:17","modified_gmt":"2024-03-19T14:24:17","slug":"camimera","status":"publish","type":"product","link":"https:\/\/www.promotio.sk\/de\/shop\/sports\/cam_sp\/sp_tshi\/camimera\/","title":{"rendered":"CAMIMERA"},"content":{"rendered":"<p>Kurz\u00e4rmliges technisches T-Shirt mit Rundhalsausschnitt. In verschiedenen Farben und Gr\u00f6\u00dfen erh\u00e4ltlich.<br \/>Zusammensetzung: 100% Polyester-Piqu\u00e9, 135 g\/m\u00b2.<br \/>Bemerkungen: *Atmungsaktiver, leicht zu waschender und zu trocknender Stoff.<br \/>\n*Abnehmbares Etikett.<br \/>\n*Technischer Stoff.<br \/>\n*In Kindergr\u00f6\u00dfen erh\u00e4ltlich.<br \/><img decoding=\"async\" src=\"https:\/\/static.gorfactory.es\/pics\/measures\/CA_MC_HO.jpg\"><\/p>","protected":false},"excerpt":{"rendered":"<p>Short-sleeve technical t-shirt with crew neck. Available in different colours and sizes.Composition: 100% polyester piqu\u00e9, 135 gsm.Remarks: *Breathable, easy-wash and<\/p>","protected":false},"featured_media":35696,"comment_status":"open","ping_status":"closed","template":"","meta":[],"product_cat":[624,623],"product_tag":[],"class_list":{"0":"post-35695","1":"product","2":"type-product","3":"status-publish","4":"has-post-thumbnail","6":"product_cat-sp_tshi","7":"product_cat-cam_sp","9":"first","10":"instock","11":"shipping-taxable","12":"purchasable","13":"product-type-variable"},"_links":{"self":[{"href":"https:\/\/www.promotio.sk\/de\/wp-json\/wp\/v2\/product\/35695","targetHints":{"allow":["GET"]}}],"collection":[{"href":"https:\/\/www.promotio.sk\/de\/wp-json\/wp\/v2\/product"}],"about":[{"href":"https:\/\/www.promotio.sk\/de\/wp-json\/wp\/v2\/types\/product"}],"replies":[{"embeddable":true,"href":"https:\/\/www.promotio.sk\/de\/wp-json\/wp\/v2\/comments?post=35695"}],"wp:featuredmedia":[{"embeddable":true,"href":"https:\/\/www.promotio.sk\/de\/wp-json\/wp\/v2\/media\/35696"}],"wp:attachment":[{"href":"https:\/\/www.promotio.sk\/de\/wp-json\/wp\/v2\/media?parent=35695"}],"wp:term":[{"taxonomy":"product_cat","embeddable":true,"href":"https:\/\/www.promotio.sk\/de\/wp-json\/wp\/v2\/product_cat?post=35695"},{"taxonomy":"product_tag","embeddable":true,"href":"https:\/\/www.promotio.sk\/de\/wp-json\/wp\/v2\/product_tag?post=35695"}],"curies":[{"name":"wp","href":"https:\/\/api.w.org\/{rel}","templated":true}]}}