{"id":35539,"date":"2024-03-19T14:18:12","date_gmt":"2024-03-19T13:18:12","guid":{"rendered":"https:\/\/www.promotio.sk\/shop\/nezaraden\u00e9\/imola\/"},"modified":"2024-03-19T14:21:47","modified_gmt":"2024-03-19T13:21:47","slug":"imola","status":"publish","type":"product","link":"https:\/\/www.promotio.sk\/de\/shop\/sports\/cam_sp\/sp_tshi\/imola\/","title":{"rendered":"IMOLA"},"content":{"rendered":"<p>Technisches Kurzarm-T-Shirt aus recyceltem CONTROL-DRY-Polyester. Rundhalsausschnitt mit passenden verdeckten N\u00e4hten. ECO-Logo-Etikett am \u00c4rmel. Verpackung aus recyceltem Material.<br \/>\n<br \/>Zusammensetzung: 50% recyceltes Polyester \/ 50% Polyester, Waffel-Interlock. 135 g\/m\u00b2.<br \/>Bemerkungen: *Kindergr\u00f6\u00dfen verf\u00fcgbar.<br \/>\n*Abnehmbares ECO-Etikett.<br \/>\n*Verpackung aus recyceltem Material.<br \/>\n*Technischer Stoff.<br \/>\n*Kontrolltrocknung.<br \/>\n*Duo-Konzept.<br \/><img decoding=\"async\" src=\"https:\/\/static.gorfactory.es\/pics\/measures\/CA_MC_HO.jpg\"><\/p>","protected":false},"excerpt":{"rendered":"<p>Technical short-sleeve t-shirt in recycled CONTROL-DRY polyester. Crew neck with matching covered seams. ECO logo label on sleeve. Packing in<\/p>","protected":false},"featured_media":35540,"comment_status":"open","ping_status":"closed","template":"","meta":[],"product_cat":[624,623],"product_tag":[],"class_list":{"0":"post-35539","1":"product","2":"type-product","3":"status-publish","4":"has-post-thumbnail","6":"product_cat-sp_tshi","7":"product_cat-cam_sp","9":"first","10":"instock","11":"shipping-taxable","12":"purchasable","13":"product-type-variable"},"_links":{"self":[{"href":"https:\/\/www.promotio.sk\/de\/wp-json\/wp\/v2\/product\/35539","targetHints":{"allow":["GET"]}}],"collection":[{"href":"https:\/\/www.promotio.sk\/de\/wp-json\/wp\/v2\/product"}],"about":[{"href":"https:\/\/www.promotio.sk\/de\/wp-json\/wp\/v2\/types\/product"}],"replies":[{"embeddable":true,"href":"https:\/\/www.promotio.sk\/de\/wp-json\/wp\/v2\/comments?post=35539"}],"wp:featuredmedia":[{"embeddable":true,"href":"https:\/\/www.promotio.sk\/de\/wp-json\/wp\/v2\/media\/35540"}],"wp:attachment":[{"href":"https:\/\/www.promotio.sk\/de\/wp-json\/wp\/v2\/media?parent=35539"}],"wp:term":[{"taxonomy":"product_cat","embeddable":true,"href":"https:\/\/www.promotio.sk\/de\/wp-json\/wp\/v2\/product_cat?post=35539"},{"taxonomy":"product_tag","embeddable":true,"href":"https:\/\/www.promotio.sk\/de\/wp-json\/wp\/v2\/product_tag?post=35539"}],"curies":[{"name":"wp","href":"https:\/\/api.w.org\/{rel}","templated":true}]}}