{"id":35500,"date":"2024-03-19T14:16:27","date_gmt":"2024-03-19T13:16:27","guid":{"rendered":"https:\/\/www.promotio.sk\/shop\/nezaraden\u00e9\/sochi\/"},"modified":"2024-03-19T14:18:09","modified_gmt":"2024-03-19T13:18:09","slug":"sochi","status":"publish","type":"product","link":"https:\/\/www.promotio.sk\/de\/shop\/sports\/cam_sp\/sp_tshi\/sochi\/","title":{"rendered":"SOTSCHI"},"content":{"rendered":"<p>Technisches T-Shirt mit Raglan\u00e4rmeln und sublimierten Eins\u00e4tzen. Recyceltes CONTROL-DRY-Polyester. Overlocknaht in Fluor (au\u00dfer in der Farbe 183 Wei\u00df). Gut sichtbare Details und verl\u00e4ngerter R\u00fccken. ECO-Logoetikett am \u00c4rmel.<br \/>\n<br \/>Zusammensetzung: 50% recyceltes Polyester \/ 50% Polyester, Waffel-Interlock. 135 g\/m\u00b2.<br \/>Bemerkungen: *Abnehmbares ECO-Label.<br \/>\n*Einzelne Recyclingverpackung.<br \/>\n*Technischer Stoff.<br \/>\n*Kontrolltrocknung.<br \/>\n*Duo-Konzept.<br \/>\n*UV-Schutzfaktor je nach Farbe.<br \/><img decoding=\"async\" src=\"https:\/\/static.gorfactory.es\/pics\/measures\/CA_MC_HO.jpg\"><\/p>","protected":false},"excerpt":{"rendered":"<p>Raglan sleeves technical t-shirt with sublimated panels. Recycled CONTROL-DRY polyester. Overlocked seam in fluor (except in 183 white colour). High-visibility<\/p>","protected":false},"featured_media":35501,"comment_status":"open","ping_status":"closed","template":"","meta":[],"product_cat":[624,623],"product_tag":[],"class_list":{"0":"post-35500","1":"product","2":"type-product","3":"status-publish","4":"has-post-thumbnail","6":"product_cat-sp_tshi","7":"product_cat-cam_sp","9":"first","10":"instock","11":"shipping-taxable","12":"purchasable","13":"product-type-variable"},"_links":{"self":[{"href":"https:\/\/www.promotio.sk\/de\/wp-json\/wp\/v2\/product\/35500","targetHints":{"allow":["GET"]}}],"collection":[{"href":"https:\/\/www.promotio.sk\/de\/wp-json\/wp\/v2\/product"}],"about":[{"href":"https:\/\/www.promotio.sk\/de\/wp-json\/wp\/v2\/types\/product"}],"replies":[{"embeddable":true,"href":"https:\/\/www.promotio.sk\/de\/wp-json\/wp\/v2\/comments?post=35500"}],"wp:featuredmedia":[{"embeddable":true,"href":"https:\/\/www.promotio.sk\/de\/wp-json\/wp\/v2\/media\/35501"}],"wp:attachment":[{"href":"https:\/\/www.promotio.sk\/de\/wp-json\/wp\/v2\/media?parent=35500"}],"wp:term":[{"taxonomy":"product_cat","embeddable":true,"href":"https:\/\/www.promotio.sk\/de\/wp-json\/wp\/v2\/product_cat?post=35500"},{"taxonomy":"product_tag","embeddable":true,"href":"https:\/\/www.promotio.sk\/de\/wp-json\/wp\/v2\/product_tag?post=35500"}],"curies":[{"name":"wp","href":"https:\/\/api.w.org\/{rel}","templated":true}]}}