{"id":35317,"date":"2024-03-19T14:04:58","date_gmt":"2024-03-19T13:04:58","guid":{"rendered":"https:\/\/www.promotio.sk\/shop\/nezaraden\u00e9\/montecarlo\/"},"modified":"2024-03-19T14:16:25","modified_gmt":"2024-03-19T13:16:25","slug":"montecarlo","status":"publish","type":"product","link":"https:\/\/www.promotio.sk\/de\/shop\/sports\/cam_sp\/sp_tshi\/montecarlo\/","title":{"rendered":"MONTE CARLO"},"content":{"rendered":"<p>Kurz\u00e4rmliges technisches Raglan-T-Shirt. Rundhalsausschnitt mit passenden verdeckten N\u00e4hten. Passende Overlock-Eins\u00e4tze an \u00c4rmeln und Seiten.<br \/>Zusammensetzung: 100% Polyester-Piqu\u00e9, 150 g\/m\u00b2.<br \/>Bemerkungen: *Leicht zu waschender und zu trocknender, atmungsaktiver Stoff.<br \/>\n*Abnehmbares Etikett.<br \/>\n*Technischer Stoff.<br \/>\n*UV-Schutzfaktor je nach Farbe.<br \/>\n*In Kindergr\u00f6\u00dfen erh\u00e4ltlich.<br \/>\n*Duo-Konzept.<br \/><img decoding=\"async\" src=\"https:\/\/static.gorfactory.es\/pics\/measures\/CA_MC_HO.jpg\"><\/p>","protected":false},"excerpt":{"rendered":"<p>Short-sleeve technical raglan t-shirt. Crew neck with matching covered seams. Matching overlocked panels in sleeves and sides.Composition: 100% polyester piqu\u00e9,<\/p>","protected":false},"featured_media":35318,"comment_status":"open","ping_status":"closed","template":"","meta":[],"product_cat":[624,623],"product_tag":[],"class_list":{"0":"post-35317","1":"product","2":"type-product","3":"status-publish","4":"has-post-thumbnail","6":"product_cat-sp_tshi","7":"product_cat-cam_sp","9":"first","10":"instock","11":"shipping-taxable","12":"purchasable","13":"product-type-variable"},"_links":{"self":[{"href":"https:\/\/www.promotio.sk\/de\/wp-json\/wp\/v2\/product\/35317","targetHints":{"allow":["GET"]}}],"collection":[{"href":"https:\/\/www.promotio.sk\/de\/wp-json\/wp\/v2\/product"}],"about":[{"href":"https:\/\/www.promotio.sk\/de\/wp-json\/wp\/v2\/types\/product"}],"replies":[{"embeddable":true,"href":"https:\/\/www.promotio.sk\/de\/wp-json\/wp\/v2\/comments?post=35317"}],"wp:featuredmedia":[{"embeddable":true,"href":"https:\/\/www.promotio.sk\/de\/wp-json\/wp\/v2\/media\/35318"}],"wp:attachment":[{"href":"https:\/\/www.promotio.sk\/de\/wp-json\/wp\/v2\/media?parent=35317"}],"wp:term":[{"taxonomy":"product_cat","embeddable":true,"href":"https:\/\/www.promotio.sk\/de\/wp-json\/wp\/v2\/product_cat?post=35317"},{"taxonomy":"product_tag","embeddable":true,"href":"https:\/\/www.promotio.sk\/de\/wp-json\/wp\/v2\/product_tag?post=35317"}],"curies":[{"name":"wp","href":"https:\/\/api.w.org\/{rel}","templated":true}]}}