{"id":34789,"date":"2024-03-19T13:29:55","date_gmt":"2024-03-19T12:29:55","guid":{"rendered":"https:\/\/www.promotio.sk\/shop\/nezaraden\u00e9\/bahrain-woman\/"},"modified":"2024-03-19T13:40:22","modified_gmt":"2024-03-19T12:40:22","slug":"bahrain-woman","status":"publish","type":"product","link":"https:\/\/www.promotio.sk\/de\/shop\/sports\/cam_sp\/sp_tshi\/bahrain-woman\/","title":{"rendered":"BAHRAINISCHE FRAU"},"content":{"rendered":"<p>Technisches Raglan-T-Shirt aus CONTROL-DRY-Gewebe. Rundhalsausschnitt mit passenden verdeckten N\u00e4hten. \u00c4rmeleins\u00e4tze. Passender Overlock in Armausschnitt und \u00c4rmeleinsatz. <br \/>Zusammensetzung: 100% Polyester, Waffel-Interlock, 135 g\/m\u00b2.<br \/>Anmerkungen: *Abnehmbares Etikett.<br \/>\n*Technischer Stoff.<br \/>\n*Kontrolltrocknung.<br \/>\n*Duo-Konzept.<br \/>\n* UV-Schutzfaktor je nach Farbe.<br \/><img decoding=\"async\" src=\"https:\/\/static.gorfactory.es\/pics\/measures\/CA_MC_MU.jpg\"><\/p>","protected":false},"excerpt":{"rendered":"<p>Technical raglan t-shirt in CONTROL-DRY fabric. Crew neck with matching covered seams. Sleeve panels. Matching overlock in armhole and sleeve<\/p>","protected":false},"featured_media":34790,"comment_status":"open","ping_status":"closed","template":"","meta":[],"product_cat":[624,623],"product_tag":[],"class_list":{"0":"post-34789","1":"product","2":"type-product","3":"status-publish","4":"has-post-thumbnail","6":"product_cat-sp_tshi","7":"product_cat-cam_sp","9":"first","10":"instock","11":"shipping-taxable","12":"purchasable","13":"product-type-variable"},"_links":{"self":[{"href":"https:\/\/www.promotio.sk\/de\/wp-json\/wp\/v2\/product\/34789","targetHints":{"allow":["GET"]}}],"collection":[{"href":"https:\/\/www.promotio.sk\/de\/wp-json\/wp\/v2\/product"}],"about":[{"href":"https:\/\/www.promotio.sk\/de\/wp-json\/wp\/v2\/types\/product"}],"replies":[{"embeddable":true,"href":"https:\/\/www.promotio.sk\/de\/wp-json\/wp\/v2\/comments?post=34789"}],"wp:featuredmedia":[{"embeddable":true,"href":"https:\/\/www.promotio.sk\/de\/wp-json\/wp\/v2\/media\/34790"}],"wp:attachment":[{"href":"https:\/\/www.promotio.sk\/de\/wp-json\/wp\/v2\/media?parent=34789"}],"wp:term":[{"taxonomy":"product_cat","embeddable":true,"href":"https:\/\/www.promotio.sk\/de\/wp-json\/wp\/v2\/product_cat?post=34789"},{"taxonomy":"product_tag","embeddable":true,"href":"https:\/\/www.promotio.sk\/de\/wp-json\/wp\/v2\/product_tag?post=34789"}],"curies":[{"name":"wp","href":"https:\/\/api.w.org\/{rel}","templated":true}]}}