{"id":34530,"date":"2024-03-19T13:09:29","date_gmt":"2024-03-19T12:09:29","guid":{"rendered":"https:\/\/www.promotio.sk\/shop\/nezaraden\u00e9\/bahrain\/"},"modified":"2024-03-19T13:29:53","modified_gmt":"2024-03-19T12:29:53","slug":"bahrain","status":"publish","type":"product","link":"https:\/\/www.promotio.sk\/de\/shop\/sports\/cam_sp\/sp_tshi\/bahrain\/","title":{"rendered":"BAHRAIN"},"content":{"rendered":"<p>Technisches Raglan-T-Shirt mit kurzen \u00c4rmeln. Rundhalsausschnitt mit passenden verdeckten N\u00e4hten. \u00c4rmeleins\u00e4tze unten. Passender Overlock in Armausschnitt und \u00c4rmeleinsatz. CONTROL-DRY-Gewebe.<br \/>Zusammensetzung: 100% Polyester, Waffel-Interlock, 135 g\/m\u00b2.<br \/>Bemerkungen: *Kindergr\u00f6\u00dfen verf\u00fcgbar.<br \/>\n*Abnehmbares Etikett.<br \/>\n*Technischer Stoff.<br \/>\n*Kontrolltrocknung.<br \/>\n*Duo-Konzept.<br \/>\n<br \/><img decoding=\"async\" src=\"https:\/\/static.gorfactory.es\/pics\/measures\/CA_MC_HO.jpg\"><\/p>","protected":false},"excerpt":{"rendered":"<p>Technical short-sleeve raglan t-shirt. Crew neck with matching covered seams. Bottom sleeve panels. Matching overlock in armhole and sleeve panel.<\/p>","protected":false},"featured_media":34531,"comment_status":"open","ping_status":"closed","template":"","meta":[],"product_cat":[624,623],"product_tag":[],"class_list":{"0":"post-34530","1":"product","2":"type-product","3":"status-publish","4":"has-post-thumbnail","6":"product_cat-sp_tshi","7":"product_cat-cam_sp","9":"first","10":"instock","11":"shipping-taxable","12":"purchasable","13":"product-type-variable"},"_links":{"self":[{"href":"https:\/\/www.promotio.sk\/de\/wp-json\/wp\/v2\/product\/34530","targetHints":{"allow":["GET"]}}],"collection":[{"href":"https:\/\/www.promotio.sk\/de\/wp-json\/wp\/v2\/product"}],"about":[{"href":"https:\/\/www.promotio.sk\/de\/wp-json\/wp\/v2\/types\/product"}],"replies":[{"embeddable":true,"href":"https:\/\/www.promotio.sk\/de\/wp-json\/wp\/v2\/comments?post=34530"}],"wp:featuredmedia":[{"embeddable":true,"href":"https:\/\/www.promotio.sk\/de\/wp-json\/wp\/v2\/media\/34531"}],"wp:attachment":[{"href":"https:\/\/www.promotio.sk\/de\/wp-json\/wp\/v2\/media?parent=34530"}],"wp:term":[{"taxonomy":"product_cat","embeddable":true,"href":"https:\/\/www.promotio.sk\/de\/wp-json\/wp\/v2\/product_cat?post=34530"},{"taxonomy":"product_tag","embeddable":true,"href":"https:\/\/www.promotio.sk\/de\/wp-json\/wp\/v2\/product_tag?post=34530"}],"curies":[{"name":"wp","href":"https:\/\/api.w.org\/{rel}","templated":true}]}}