{"id":34473,"date":"2024-03-19T13:05:52","date_gmt":"2024-03-19T12:05:52","guid":{"rendered":"https:\/\/www.promotio.sk\/shop\/nezaraden\u00e9\/slam-woman\/"},"modified":"2024-03-19T13:09:28","modified_gmt":"2024-03-19T12:09:28","slug":"slam-woman","status":"publish","type":"product","link":"https:\/\/www.promotio.sk\/de\/shop\/sports\/cam_sp\/sp_tshi\/slam-woman\/","title":{"rendered":"SLAM FRAU"},"content":{"rendered":"<p>Kurz\u00e4rmeliges technisches Damen-T-Shirt. Leichtes Gewebe aus recyceltem Polyester.<br \/>\n\u00b7 Kragen mit gekreuztem Detail und Deckn\u00e4hten.<br \/>\n\u00b7 R\u00fcckenpasse und \u00c4rmel aus atmungsaktivem Stoff.<br \/>\n\u00b7 Vorw\u00e4rts- und schr\u00e4ggestellte N\u00e4hte an den Seiten und Schultern.<br \/>\n\u00b7 Abgerundeter Saum.<br \/>\n\u00b7 Kombiniert aus atmungsaktiven und elastischen Stoffen. <br \/>Zusammensetzung: Hauptmaterial: 100% recyceltes Polyester<br \/>\nNetzgewebe: 92% recyceltes Polyester \/ 8% Elastan<br \/>\n100 g\/m\u00b2.<\/p>\n<p>Bemerkungen: *Etiqueta removable<br \/><img decoding=\"async\" src=\"https:\/\/static.gorfactory.es\/pics\/measures\/CA_MC_MU.jpg\"><\/p>","protected":false},"excerpt":{"rendered":"<p>Women&#8217;s short-sleeved technical t-shirt. Lightweight fabric made of recycled polyester. \u00b7 Collar with crossed detail and coverseams. \u00b7 Back yoke<\/p>","protected":false},"featured_media":34474,"comment_status":"open","ping_status":"closed","template":"","meta":[],"product_cat":[624,623],"product_tag":[],"class_list":{"0":"post-34473","1":"product","2":"type-product","3":"status-publish","4":"has-post-thumbnail","6":"product_cat-sp_tshi","7":"product_cat-cam_sp","9":"first","10":"instock","11":"shipping-taxable","12":"purchasable","13":"product-type-variable"},"_links":{"self":[{"href":"https:\/\/www.promotio.sk\/de\/wp-json\/wp\/v2\/product\/34473","targetHints":{"allow":["GET"]}}],"collection":[{"href":"https:\/\/www.promotio.sk\/de\/wp-json\/wp\/v2\/product"}],"about":[{"href":"https:\/\/www.promotio.sk\/de\/wp-json\/wp\/v2\/types\/product"}],"replies":[{"embeddable":true,"href":"https:\/\/www.promotio.sk\/de\/wp-json\/wp\/v2\/comments?post=34473"}],"wp:featuredmedia":[{"embeddable":true,"href":"https:\/\/www.promotio.sk\/de\/wp-json\/wp\/v2\/media\/34474"}],"wp:attachment":[{"href":"https:\/\/www.promotio.sk\/de\/wp-json\/wp\/v2\/media?parent=34473"}],"wp:term":[{"taxonomy":"product_cat","embeddable":true,"href":"https:\/\/www.promotio.sk\/de\/wp-json\/wp\/v2\/product_cat?post=34473"},{"taxonomy":"product_tag","embeddable":true,"href":"https:\/\/www.promotio.sk\/de\/wp-json\/wp\/v2\/product_tag?post=34473"}],"curies":[{"name":"wp","href":"https:\/\/api.w.org\/{rel}","templated":true}]}}