{"id":34409,"date":"2024-03-19T13:01:43","date_gmt":"2024-03-19T12:01:43","guid":{"rendered":"https:\/\/www.promotio.sk\/shop\/nezaraden\u00e9\/slam\/"},"modified":"2024-03-19T13:05:50","modified_gmt":"2024-03-19T12:05:50","slug":"slam","status":"publish","type":"product","link":"https:\/\/www.promotio.sk\/de\/shop\/sports\/cam_sp\/sp_tshi\/slam\/","title":{"rendered":"ZUSCHLAGEN"},"content":{"rendered":"<p>Technisches Kurzarm-T-Shirt f\u00fcr Herren. Leichtes Gewebe aus recyceltem Polyester.<br \/>\n\u00b7 Kragen mit gekreuztem Detail und Deckn\u00e4hten.<br \/>\n\u00b7 R\u00fcckenpasse und \u00c4rmel aus atmungsaktivem Stoff.<br \/>\n\u00b7 Vorw\u00e4rts- und schr\u00e4ggestellte N\u00e4hte an den Seiten und Schultern.<br \/>\n\u00b7 Kombiniert aus atmungsaktiven und elastischen Stoffen. <\/p>\n<p>Zusammensetzung: Hauptstoff: 100% recyceltes Polyester, 100 g\/m\u00b2.<br \/>\nNetzgewebe: 92% recyceltes Polyester\/ 8% Elastan, 100 g\/m\u00b2.<br \/>Bemerkungen: *Etiqueta removable<br \/><img decoding=\"async\" src=\"https:\/\/static.gorfactory.es\/pics\/measures\/CA_MC_HO.jpg\"><\/p>","protected":false},"excerpt":{"rendered":"<p>Men&#8217;s technical short-sleeved t-shirt. Lightweight fabric made of recycled polyester. \u00b7 Collar with crossed detail and coverseams. \u00b7 Back yoke<\/p>","protected":false},"featured_media":34410,"comment_status":"open","ping_status":"closed","template":"","meta":[],"product_cat":[624,623],"product_tag":[],"class_list":{"0":"post-34409","1":"product","2":"type-product","3":"status-publish","4":"has-post-thumbnail","6":"product_cat-sp_tshi","7":"product_cat-cam_sp","9":"first","10":"instock","11":"shipping-taxable","12":"purchasable","13":"product-type-variable"},"_links":{"self":[{"href":"https:\/\/www.promotio.sk\/de\/wp-json\/wp\/v2\/product\/34409","targetHints":{"allow":["GET"]}}],"collection":[{"href":"https:\/\/www.promotio.sk\/de\/wp-json\/wp\/v2\/product"}],"about":[{"href":"https:\/\/www.promotio.sk\/de\/wp-json\/wp\/v2\/types\/product"}],"replies":[{"embeddable":true,"href":"https:\/\/www.promotio.sk\/de\/wp-json\/wp\/v2\/comments?post=34409"}],"wp:featuredmedia":[{"embeddable":true,"href":"https:\/\/www.promotio.sk\/de\/wp-json\/wp\/v2\/media\/34410"}],"wp:attachment":[{"href":"https:\/\/www.promotio.sk\/de\/wp-json\/wp\/v2\/media?parent=34409"}],"wp:term":[{"taxonomy":"product_cat","embeddable":true,"href":"https:\/\/www.promotio.sk\/de\/wp-json\/wp\/v2\/product_cat?post=34409"},{"taxonomy":"product_tag","embeddable":true,"href":"https:\/\/www.promotio.sk\/de\/wp-json\/wp\/v2\/product_tag?post=34409"}],"curies":[{"name":"wp","href":"https:\/\/api.w.org\/{rel}","templated":true}]}}