{"id":34334,"date":"2024-03-19T08:57:54","date_gmt":"2024-03-19T07:57:54","guid":{"rendered":"https:\/\/www.promotio.sk\/shop\/nezaraden\u00e9\/dintel\/"},"modified":"2024-03-19T08:58:44","modified_gmt":"2024-03-19T07:58:44","slug":"dintel","status":"publish","type":"product","link":"https:\/\/www.promotio.sk\/de\/shop\/promo-items\/tools_car-pets-accessoriess\/tools\/dintel\/","title":{"rendered":"DINTEL"},"content":{"rendered":"<p>Aluminiumma\u00dfstab in dreieckiger 30-cm-Ausf\u00fchrung. Ma\u00dfst\u00e4be 1:20, 1:25, 1:50, 1:75 und 1:100. Eine flache Seite, speziell zum Markieren. <br \/>Zusammensetzung: Aluminium<br \/>Bemerkungen: Pr\u00e4sentation in Designbox.<\/p>","protected":false},"excerpt":{"rendered":"<p>Aluminium scale in a triangular 30 cm design. 1:20, 1:25, 1:50, 1:75 and 1:100 scales. A flat side, special for<\/p>","protected":false},"featured_media":34335,"comment_status":"open","ping_status":"closed","template":"","meta":[],"product_cat":[609],"product_tag":[],"class_list":{"0":"post-34334","1":"product","2":"type-product","3":"status-publish","4":"has-post-thumbnail","6":"product_cat-tools","8":"first","9":"instock","10":"shipping-taxable","11":"purchasable","12":"product-type-variable"},"_links":{"self":[{"href":"https:\/\/www.promotio.sk\/de\/wp-json\/wp\/v2\/product\/34334","targetHints":{"allow":["GET"]}}],"collection":[{"href":"https:\/\/www.promotio.sk\/de\/wp-json\/wp\/v2\/product"}],"about":[{"href":"https:\/\/www.promotio.sk\/de\/wp-json\/wp\/v2\/types\/product"}],"replies":[{"embeddable":true,"href":"https:\/\/www.promotio.sk\/de\/wp-json\/wp\/v2\/comments?post=34334"}],"wp:featuredmedia":[{"embeddable":true,"href":"https:\/\/www.promotio.sk\/de\/wp-json\/wp\/v2\/media\/34335"}],"wp:attachment":[{"href":"https:\/\/www.promotio.sk\/de\/wp-json\/wp\/v2\/media?parent=34334"}],"wp:term":[{"taxonomy":"product_cat","embeddable":true,"href":"https:\/\/www.promotio.sk\/de\/wp-json\/wp\/v2\/product_cat?post=34334"},{"taxonomy":"product_tag","embeddable":true,"href":"https:\/\/www.promotio.sk\/de\/wp-json\/wp\/v2\/product_tag?post=34334"}],"curies":[{"name":"wp","href":"https:\/\/api.w.org\/{rel}","templated":true}]}}