{"id":34319,"date":"2024-03-19T08:56:34","date_gmt":"2024-03-19T07:56:34","guid":{"rendered":"https:\/\/www.promotio.sk\/shop\/nezaraden\u00e9\/decker\/"},"modified":"2024-03-19T08:57:23","modified_gmt":"2024-03-19T07:57:23","slug":"decker","status":"publish","type":"product","link":"https:\/\/www.promotio.sk\/de\/shop\/promo-items\/tools_car-pets-accessoriess\/tools\/decker\/","title":{"rendered":"DECKER"},"content":{"rendered":"<p>Werkzeugset mit 25 Teilen. Cutter, Inbusschl\u00fcssel, Stern- und Schlitzschraubendreher, Befestigungswerkzeug und 100 cm Ma\u00dfband. Pr\u00e4sentation in einem Korketui und einer \u00d6kodesign-Box.<br \/>Anmerkungen: Pr\u00e4sentiert im Estuche de corcho y caja dise\u00f1o eco.<\/p>","protected":false},"excerpt":{"rendered":"<p>25-accessory tool set. Cutter, hex wrench, star and flat screwdrivers, fixing tool and 100 cm measuring tape. Presentation in a<\/p>","protected":false},"featured_media":34320,"comment_status":"open","ping_status":"closed","template":"","meta":[],"product_cat":[609],"product_tag":[],"class_list":{"0":"post-34319","1":"product","2":"type-product","3":"status-publish","4":"has-post-thumbnail","6":"product_cat-tools","8":"first","9":"instock","10":"shipping-taxable","11":"purchasable","12":"product-type-variable"},"_links":{"self":[{"href":"https:\/\/www.promotio.sk\/de\/wp-json\/wp\/v2\/product\/34319","targetHints":{"allow":["GET"]}}],"collection":[{"href":"https:\/\/www.promotio.sk\/de\/wp-json\/wp\/v2\/product"}],"about":[{"href":"https:\/\/www.promotio.sk\/de\/wp-json\/wp\/v2\/types\/product"}],"replies":[{"embeddable":true,"href":"https:\/\/www.promotio.sk\/de\/wp-json\/wp\/v2\/comments?post=34319"}],"wp:featuredmedia":[{"embeddable":true,"href":"https:\/\/www.promotio.sk\/de\/wp-json\/wp\/v2\/media\/34320"}],"wp:attachment":[{"href":"https:\/\/www.promotio.sk\/de\/wp-json\/wp\/v2\/media?parent=34319"}],"wp:term":[{"taxonomy":"product_cat","embeddable":true,"href":"https:\/\/www.promotio.sk\/de\/wp-json\/wp\/v2\/product_cat?post=34319"},{"taxonomy":"product_tag","embeddable":true,"href":"https:\/\/www.promotio.sk\/de\/wp-json\/wp\/v2\/product_tag?post=34319"}],"curies":[{"name":"wp","href":"https:\/\/api.w.org\/{rel}","templated":true}]}}