{"id":34301,"date":"2024-03-19T08:54:50","date_gmt":"2024-03-19T07:54:50","guid":{"rendered":"https:\/\/www.promotio.sk\/shop\/nezaraden\u00e9\/doze\/"},"modified":"2024-03-19T08:55:45","modified_gmt":"2024-03-19T07:55:45","slug":"doze","status":"publish","type":"product","link":"https:\/\/www.promotio.sk\/de\/shop\/promo-items\/tools_car-pets-accessoriess\/tools\/doze\/","title":{"rendered":"D\u00d6SEN"},"content":{"rendered":"<p>Multifunktionswerkzeug aus Edelstahl mit 11 integrierten Funktionen. Vielseitiges Werkzeug, das Folgendes umfasst: einen Dosen\u00f6ffner, ein scharfes Messer, einen Schraubendreher, ein Lineal, einen Flaschen\u00f6ffner, einen verstellbaren Schraubenschl\u00fcssel, einen Doppelmaulschl\u00fcssel, eine S\u00e4ge f\u00fcr kleine Arbeiten und einen Richtungsanzeiger. Pr\u00e4sentation in einem PU-Etui. <br \/>Zusammensetzung: Edelstahl<br \/>Bemerkungen: Pr\u00e4sentiert auf der Grundlage von PU.<\/p>","protected":false},"excerpt":{"rendered":"<p>Stainless steel multi-tool with 11 in-built functions. Versatile tool that includes: a can opener, a sharp knife, a screwdriver, a<\/p>","protected":false},"featured_media":34302,"comment_status":"open","ping_status":"closed","template":"","meta":[],"product_cat":[609],"product_tag":[],"class_list":{"0":"post-34301","1":"product","2":"type-product","3":"status-publish","4":"has-post-thumbnail","6":"product_cat-tools","8":"first","9":"instock","10":"shipping-taxable","11":"purchasable","12":"product-type-variable"},"_links":{"self":[{"href":"https:\/\/www.promotio.sk\/de\/wp-json\/wp\/v2\/product\/34301","targetHints":{"allow":["GET"]}}],"collection":[{"href":"https:\/\/www.promotio.sk\/de\/wp-json\/wp\/v2\/product"}],"about":[{"href":"https:\/\/www.promotio.sk\/de\/wp-json\/wp\/v2\/types\/product"}],"replies":[{"embeddable":true,"href":"https:\/\/www.promotio.sk\/de\/wp-json\/wp\/v2\/comments?post=34301"}],"wp:featuredmedia":[{"embeddable":true,"href":"https:\/\/www.promotio.sk\/de\/wp-json\/wp\/v2\/media\/34302"}],"wp:attachment":[{"href":"https:\/\/www.promotio.sk\/de\/wp-json\/wp\/v2\/media?parent=34301"}],"wp:term":[{"taxonomy":"product_cat","embeddable":true,"href":"https:\/\/www.promotio.sk\/de\/wp-json\/wp\/v2\/product_cat?post=34301"},{"taxonomy":"product_tag","embeddable":true,"href":"https:\/\/www.promotio.sk\/de\/wp-json\/wp\/v2\/product_tag?post=34301"}],"curies":[{"name":"wp","href":"https:\/\/api.w.org\/{rel}","templated":true}]}}