{"id":34281,"date":"2024-03-19T08:52:56","date_gmt":"2024-03-19T07:52:56","guid":{"rendered":"https:\/\/www.promotio.sk\/shop\/nezaraden\u00e9\/roman\/"},"modified":"2024-03-19T08:53:39","modified_gmt":"2024-03-19T07:53:39","slug":"roman","status":"publish","type":"product","link":"https:\/\/www.promotio.sk\/de\/shop\/promo-items\/tools_car-pets-accessoriess\/tools\/roman\/","title":{"rendered":"ROMAN"},"content":{"rendered":"<p>Das Multifunktionswerkzeug mit Edelstahlzubeh\u00f6r und Korkgriff ist ein vielseitiges und praktisches Werkzeug mit mehreren Funktionen. Mit seinen 9 verschiedenen Werkzeugen k\u00f6nnen Sie verschiedene Aufgaben sowohl zu Hause als auch im Freien erledigen.<br \/>\nDieses Multifunktionswerkzeug umfasst ein scharfes Edelstahlmesser f\u00fcr pr\u00e4zises Schneiden, eine Schere f\u00fcr pr\u00e4zises Arbeiten, einen Schraubendreher zum Festziehen oder L\u00f6sen von Schrauben, einen Dosen\u00f6ffner zum \u00d6ffnen von Dosen, einen Korkenzieher zum Genie\u00dfen Ihrer Lieblingsgetr\u00e4nke und weitere Zusatzfunktionen. Das Multifunktionswerkzeug umfasst au\u00dferdem einen Tragegurt aus Kunstleder, sodass Sie es bequem mit sich tragen k\u00f6nnen.<br \/>\nDer Korkgriff verleiht ihm eine einzigartige und angenehme Haptik und ist gleichzeitig eine nachhaltige Option durch die Verwendung eines nat\u00fcrlichen und erneuerbaren Materials.<br \/>\nDie Pr\u00e4sentation in einer \u00d6kodesign-Box unterstreicht den nachhaltigen Ansatz dieses Produktes. Indem Sie sich f\u00fcr dieses Multitool mit Korkgriff entscheiden und es in einer \u00d6kodesign-Box pr\u00e4sentieren, f\u00f6rdern Sie das Umweltbewusstsein und den Schutz unserer nat\u00fcrlichen Ressourcen.<br \/>Zusammensetzung: Acero inoxidable, Corcho y Polipiel.<br \/>Bemerkungen: Presentaci\u00f3n caja dise\u00f1o eco.<\/p>","protected":false},"excerpt":{"rendered":"<p>The multi-tool with stainless steel accessories and cork handle is a versatile and practical tool with multiple functions. With its<\/p>","protected":false},"featured_media":34282,"comment_status":"open","ping_status":"closed","template":"","meta":[],"product_cat":[609],"product_tag":[],"class_list":{"0":"post-34281","1":"product","2":"type-product","3":"status-publish","4":"has-post-thumbnail","6":"product_cat-tools","8":"first","9":"instock","10":"shipping-taxable","11":"purchasable","12":"product-type-variable"},"_links":{"self":[{"href":"https:\/\/www.promotio.sk\/de\/wp-json\/wp\/v2\/product\/34281","targetHints":{"allow":["GET"]}}],"collection":[{"href":"https:\/\/www.promotio.sk\/de\/wp-json\/wp\/v2\/product"}],"about":[{"href":"https:\/\/www.promotio.sk\/de\/wp-json\/wp\/v2\/types\/product"}],"replies":[{"embeddable":true,"href":"https:\/\/www.promotio.sk\/de\/wp-json\/wp\/v2\/comments?post=34281"}],"wp:featuredmedia":[{"embeddable":true,"href":"https:\/\/www.promotio.sk\/de\/wp-json\/wp\/v2\/media\/34282"}],"wp:attachment":[{"href":"https:\/\/www.promotio.sk\/de\/wp-json\/wp\/v2\/media?parent=34281"}],"wp:term":[{"taxonomy":"product_cat","embeddable":true,"href":"https:\/\/www.promotio.sk\/de\/wp-json\/wp\/v2\/product_cat?post=34281"},{"taxonomy":"product_tag","embeddable":true,"href":"https:\/\/www.promotio.sk\/de\/wp-json\/wp\/v2\/product_tag?post=34281"}],"curies":[{"name":"wp","href":"https:\/\/api.w.org\/{rel}","templated":true}]}}