{"id":34182,"date":"2024-03-19T08:44:08","date_gmt":"2024-03-19T07:44:08","guid":{"rendered":"https:\/\/www.promotio.sk\/shop\/nezaraden\u00e9\/sherlock\/"},"modified":"2024-03-19T08:44:57","modified_gmt":"2024-03-19T07:44:57","slug":"sherlock","status":"publish","type":"product","link":"https:\/\/www.promotio.sk\/de\/shop\/promo-items\/tools_car-pets-accessoriess\/tools\/sherlock\/","title":{"rendered":"SHERLOCK"},"content":{"rendered":"<p>Ausklappbare Fadenz\u00e4hllupe mit 7-facher Vergr\u00f6\u00dferung und integriertem Messlineal. <br \/>Zusammensetzung: Kunststoff<br \/>Bemerkungen: Pr\u00e4sentation im Einzelkarton.<\/p>","protected":false},"excerpt":{"rendered":"<p>7x fold-out thread counting magnifier with built-in measuring ruler. Composition: PlasticRemarks: Presentation in individual box.<\/p>","protected":false},"featured_media":34183,"comment_status":"open","ping_status":"closed","template":"","meta":[],"product_cat":[609],"product_tag":[],"class_list":{"0":"post-34182","1":"product","2":"type-product","3":"status-publish","4":"has-post-thumbnail","6":"product_cat-tools","8":"first","9":"instock","10":"shipping-taxable","11":"purchasable","12":"product-type-variable"},"_links":{"self":[{"href":"https:\/\/www.promotio.sk\/de\/wp-json\/wp\/v2\/product\/34182","targetHints":{"allow":["GET"]}}],"collection":[{"href":"https:\/\/www.promotio.sk\/de\/wp-json\/wp\/v2\/product"}],"about":[{"href":"https:\/\/www.promotio.sk\/de\/wp-json\/wp\/v2\/types\/product"}],"replies":[{"embeddable":true,"href":"https:\/\/www.promotio.sk\/de\/wp-json\/wp\/v2\/comments?post=34182"}],"wp:featuredmedia":[{"embeddable":true,"href":"https:\/\/www.promotio.sk\/de\/wp-json\/wp\/v2\/media\/34183"}],"wp:attachment":[{"href":"https:\/\/www.promotio.sk\/de\/wp-json\/wp\/v2\/media?parent=34182"}],"wp:term":[{"taxonomy":"product_cat","embeddable":true,"href":"https:\/\/www.promotio.sk\/de\/wp-json\/wp\/v2\/product_cat?post=34182"},{"taxonomy":"product_tag","embeddable":true,"href":"https:\/\/www.promotio.sk\/de\/wp-json\/wp\/v2\/product_tag?post=34182"}],"curies":[{"name":"wp","href":"https:\/\/api.w.org\/{rel}","templated":true}]}}