{"id":34166,"date":"2024-03-19T08:42:34","date_gmt":"2024-03-19T07:42:34","guid":{"rendered":"https:\/\/www.promotio.sk\/shop\/nezaraden\u00e9\/zora\/"},"modified":"2024-03-19T08:43:10","modified_gmt":"2024-03-19T07:43:10","slug":"zora","status":"publish","type":"product","link":"https:\/\/www.promotio.sk\/de\/shop\/promo-items\/tools_car-pets-accessoriess\/tools\/zora\/","title":{"rendered":"ZORA"},"content":{"rendered":"<p>Mehrzweck-Klappmesser aus Edelstahl mit 6 Funktionen: Messer, Flaschen\u00f6ffner, Dosen\u00f6ffner, Korkenzieher, Schraubendreher und Schl\u00fcsselanh\u00e4nger. <br \/>Zusammensetzung: Aluminium und Edelstahl.<br \/>Bemerkungen: Pr\u00e4sentation im wei\u00dfen Karton. <\/p>","protected":false},"excerpt":{"rendered":"<p>Stainless steel multipurpose jackknife with 6 functions: knife, bottle opener, can opener, corkscrew, screwdriver and keyring. Composition: Aluminium and stainless<\/p>","protected":false},"featured_media":34167,"comment_status":"open","ping_status":"closed","template":"","meta":[],"product_cat":[609],"product_tag":[],"class_list":{"0":"post-34166","1":"product","2":"type-product","3":"status-publish","4":"has-post-thumbnail","6":"product_cat-tools","8":"first","9":"instock","10":"shipping-taxable","11":"purchasable","12":"product-type-variable"},"_links":{"self":[{"href":"https:\/\/www.promotio.sk\/de\/wp-json\/wp\/v2\/product\/34166","targetHints":{"allow":["GET"]}}],"collection":[{"href":"https:\/\/www.promotio.sk\/de\/wp-json\/wp\/v2\/product"}],"about":[{"href":"https:\/\/www.promotio.sk\/de\/wp-json\/wp\/v2\/types\/product"}],"replies":[{"embeddable":true,"href":"https:\/\/www.promotio.sk\/de\/wp-json\/wp\/v2\/comments?post=34166"}],"wp:featuredmedia":[{"embeddable":true,"href":"https:\/\/www.promotio.sk\/de\/wp-json\/wp\/v2\/media\/34167"}],"wp:attachment":[{"href":"https:\/\/www.promotio.sk\/de\/wp-json\/wp\/v2\/media?parent=34166"}],"wp:term":[{"taxonomy":"product_cat","embeddable":true,"href":"https:\/\/www.promotio.sk\/de\/wp-json\/wp\/v2\/product_cat?post=34166"},{"taxonomy":"product_tag","embeddable":true,"href":"https:\/\/www.promotio.sk\/de\/wp-json\/wp\/v2\/product_tag?post=34166"}],"curies":[{"name":"wp","href":"https:\/\/api.w.org\/{rel}","templated":true}]}}