{"id":34133,"date":"2024-03-19T08:38:52","date_gmt":"2024-03-19T07:38:52","guid":{"rendered":"https:\/\/www.promotio.sk\/shop\/nezaraden\u00e9\/weston\/"},"modified":"2024-03-19T08:39:31","modified_gmt":"2024-03-19T07:39:31","slug":"weston","status":"publish","type":"product","link":"https:\/\/www.promotio.sk\/de\/shop\/promo-items\/tools_car-pets-accessoriess\/tools\/weston\/","title":{"rendered":"WESTON"},"content":{"rendered":"<p>Das Mehrzweckmesser aus Edelstahl mit Holzgriff ist ein vielseitiges und praktisches Werkzeug, das Ihnen mehrere Funktionen in einem Ger\u00e4t bietet. Dieses Messer ist auf hohe Qualit\u00e4t und Langlebigkeit ausgelegt und sein Holzgriff verleiht ihm ein elegantes und nat\u00fcrliches Aussehen.<br \/>\nDas Messer hat drei Hauptfunktionen:<br \/>\n1. Messer: Die scharfe Klinge aus rostfreiem Stahl erm\u00f6glicht Ihnen pr\u00e4zise und effiziente Schnitte in verschiedenen Situationen. Es ist ideal f\u00fcr Outdoor-Aktivit\u00e4ten wie Camping, Wandern oder Heimwerken.<br \/>\n2. Schere: Integrierte Scheren sind ideal zum Schneiden von F\u00e4den, Papier oder anderen Materialien in Situationen, in denen Sie einen pr\u00e4ziseren und kontrollierteren Schnitt ben\u00f6tigen. Sie sind besonders n\u00fctzlich bei Bastelarbeiten oder f\u00fcr schnelle Reparaturen.<br \/>\n3. Feile: Die Feile hat eine raue Oberfl\u00e4che, mit der Sie raue oder unebene Oberfl\u00e4chen feilen oder polieren k\u00f6nnen. Sie kann n\u00fctzlich sein, um scharfe Kanten zu gl\u00e4tten oder kleine Unebenheiten in Materialien wie Metall oder Kunststoff abzuschleifen.<br \/>\n<br \/>Zusammensetzung: Edelstahl und Holz.<br \/>Bemerkungen: Presentaci\u00f3n caja dise\u00f1o eco.<\/p>","protected":false},"excerpt":{"rendered":"<p>The multipurpose stainless steel knife with wooden handle is a versatile and practical tool that gives you several functions in<\/p>","protected":false},"featured_media":34134,"comment_status":"open","ping_status":"closed","template":"","meta":[],"product_cat":[609],"product_tag":[],"class_list":{"0":"post-34133","1":"product","2":"type-product","3":"status-publish","4":"has-post-thumbnail","6":"product_cat-tools","8":"first","9":"instock","10":"shipping-taxable","11":"purchasable","12":"product-type-variable"},"_links":{"self":[{"href":"https:\/\/www.promotio.sk\/de\/wp-json\/wp\/v2\/product\/34133","targetHints":{"allow":["GET"]}}],"collection":[{"href":"https:\/\/www.promotio.sk\/de\/wp-json\/wp\/v2\/product"}],"about":[{"href":"https:\/\/www.promotio.sk\/de\/wp-json\/wp\/v2\/types\/product"}],"replies":[{"embeddable":true,"href":"https:\/\/www.promotio.sk\/de\/wp-json\/wp\/v2\/comments?post=34133"}],"wp:featuredmedia":[{"embeddable":true,"href":"https:\/\/www.promotio.sk\/de\/wp-json\/wp\/v2\/media\/34134"}],"wp:attachment":[{"href":"https:\/\/www.promotio.sk\/de\/wp-json\/wp\/v2\/media?parent=34133"}],"wp:term":[{"taxonomy":"product_cat","embeddable":true,"href":"https:\/\/www.promotio.sk\/de\/wp-json\/wp\/v2\/product_cat?post=34133"},{"taxonomy":"product_tag","embeddable":true,"href":"https:\/\/www.promotio.sk\/de\/wp-json\/wp\/v2\/product_tag?post=34133"}],"curies":[{"name":"wp","href":"https:\/\/api.w.org\/{rel}","templated":true}]}}