{"id":34126,"date":"2024-03-19T08:38:15","date_gmt":"2024-03-19T07:38:15","guid":{"rendered":"https:\/\/www.promotio.sk\/shop\/nezaraden\u00e9\/xena\/"},"modified":"2024-03-19T08:38:51","modified_gmt":"2024-03-19T07:38:51","slug":"xena","status":"publish","type":"product","link":"https:\/\/www.promotio.sk\/de\/shop\/promo-items\/tools_car-pets-accessoriess\/tools\/xena\/","title":{"rendered":"XENA"},"content":{"rendered":"<p>Der Rasierer aus Edelstahl mit Korkgriff ist ein vielseitiges und praktisches Werkzeug mit einem nat\u00fcrlichen und \u00f6kologischen Touch. Er ist aus hochwertigen Materialien gefertigt, um Haltbarkeit und Robustheit in verschiedenen Situationen zu gew\u00e4hrleisten.<br \/>\nDieses Messer hat eine scharfe Klinge aus rostfreiem Stahl, mit der Sie pr\u00e4zise und effiziente Schnitte ausf\u00fchren k\u00f6nnen. Der Korkgriff verleiht ihm eine einzigartige und angenehme Haptik und ist durch die Verwendung eines nat\u00fcrlichen und erneuerbaren Materials eine nachhaltige Option.<br \/>\nDas Messer verf\u00fcgt au\u00dferdem \u00fcber einen Tragegurt, mit dem Sie es bequem und sicher tragen k\u00f6nnen. Sie k\u00f6nnen das Band um Ihr Handgelenk legen oder es an Ihrem Rucksack oder Ihrer Tasche befestigen, sodass Sie es immer zur Hand haben, wenn Sie es brauchen.<br \/>\nDie Pr\u00e4sentation in einer \u00d6kodesign-Box unterstreicht den nachhaltigen Ansatz dieses Produkts. Kork ist ein umweltfreundliches Material, da es nachhaltig gewonnen wird, ohne den Korkeichen zu schaden. Indem Sie sich f\u00fcr diesen Rasierer mit Korkgriff entscheiden und ihn in einer \u00d6kodesign-Box pr\u00e4sentieren, f\u00f6rdern Sie das Umweltbewusstsein und den Schutz unserer nat\u00fcrlichen Ressourcen.<br \/>Zusammensetzung: Acero inoxidable y corcho<br \/>Bemerkungen: Presentaci\u00f3n caja dise\u00f1o eco.<\/p>","protected":false},"excerpt":{"rendered":"<p>The stainless steel razor with a cork handle is a versatile and practical tool with a natural and ecological touch.<\/p>","protected":false},"featured_media":34127,"comment_status":"open","ping_status":"closed","template":"","meta":[],"product_cat":[609],"product_tag":[],"class_list":{"0":"post-34126","1":"product","2":"type-product","3":"status-publish","4":"has-post-thumbnail","6":"product_cat-tools","8":"first","9":"instock","10":"shipping-taxable","11":"purchasable","12":"product-type-variable"},"_links":{"self":[{"href":"https:\/\/www.promotio.sk\/de\/wp-json\/wp\/v2\/product\/34126","targetHints":{"allow":["GET"]}}],"collection":[{"href":"https:\/\/www.promotio.sk\/de\/wp-json\/wp\/v2\/product"}],"about":[{"href":"https:\/\/www.promotio.sk\/de\/wp-json\/wp\/v2\/types\/product"}],"replies":[{"embeddable":true,"href":"https:\/\/www.promotio.sk\/de\/wp-json\/wp\/v2\/comments?post=34126"}],"wp:featuredmedia":[{"embeddable":true,"href":"https:\/\/www.promotio.sk\/de\/wp-json\/wp\/v2\/media\/34127"}],"wp:attachment":[{"href":"https:\/\/www.promotio.sk\/de\/wp-json\/wp\/v2\/media?parent=34126"}],"wp:term":[{"taxonomy":"product_cat","embeddable":true,"href":"https:\/\/www.promotio.sk\/de\/wp-json\/wp\/v2\/product_cat?post=34126"},{"taxonomy":"product_tag","embeddable":true,"href":"https:\/\/www.promotio.sk\/de\/wp-json\/wp\/v2\/product_tag?post=34126"}],"curies":[{"name":"wp","href":"https:\/\/api.w.org\/{rel}","templated":true}]}}