{"id":34035,"date":"2024-03-18T14:14:17","date_gmt":"2024-03-18T13:14:17","guid":{"rendered":"https:\/\/www.promotio.sk\/shop\/nezaraden\u00e9\/santa\/"},"modified":"2024-03-18T14:15:37","modified_gmt":"2024-03-18T13:15:37","slug":"santa","status":"publish","type":"product","link":"https:\/\/www.promotio.sk\/de\/shop\/promo-items\/christmas\/christmas_hats\/santa\/","title":{"rendered":"WEIHNACHTSMANN"},"content":{"rendered":"<p>Weihnachtsm\u00fctze in Einheitsgr\u00f6\u00dfe. Einfarbig mit Quaste und Band in Wei\u00df. Ideal f\u00fcr jede Feier an besonderen Tagen.<br \/>Zusammensetzung: Polyester\/Vlies.<br \/>Bemerkungen: <\/p>","protected":false},"excerpt":{"rendered":"<p>One size christmas hat. Plain colour with tassel and band in white. Ideal for any celebration during those special dates.Composition:<\/p>","protected":false},"featured_media":34036,"comment_status":"open","ping_status":"closed","template":"","meta":[],"product_cat":[611,614],"product_tag":[],"class_list":{"0":"post-34035","1":"product","2":"type-product","3":"status-publish","4":"has-post-thumbnail","6":"product_cat-christmas","7":"product_cat-christmas_hats","9":"first","10":"instock","11":"shipping-taxable","12":"purchasable","13":"product-type-variable"},"_links":{"self":[{"href":"https:\/\/www.promotio.sk\/de\/wp-json\/wp\/v2\/product\/34035","targetHints":{"allow":["GET"]}}],"collection":[{"href":"https:\/\/www.promotio.sk\/de\/wp-json\/wp\/v2\/product"}],"about":[{"href":"https:\/\/www.promotio.sk\/de\/wp-json\/wp\/v2\/types\/product"}],"replies":[{"embeddable":true,"href":"https:\/\/www.promotio.sk\/de\/wp-json\/wp\/v2\/comments?post=34035"}],"wp:featuredmedia":[{"embeddable":true,"href":"https:\/\/www.promotio.sk\/de\/wp-json\/wp\/v2\/media\/34036"}],"wp:attachment":[{"href":"https:\/\/www.promotio.sk\/de\/wp-json\/wp\/v2\/media?parent=34035"}],"wp:term":[{"taxonomy":"product_cat","embeddable":true,"href":"https:\/\/www.promotio.sk\/de\/wp-json\/wp\/v2\/product_cat?post=34035"},{"taxonomy":"product_tag","embeddable":true,"href":"https:\/\/www.promotio.sk\/de\/wp-json\/wp\/v2\/product_tag?post=34035"}],"curies":[{"name":"wp","href":"https:\/\/api.w.org\/{rel}","templated":true}]}}