{"id":34011,"date":"2024-03-18T14:12:03","date_gmt":"2024-03-18T13:12:03","guid":{"rendered":"https:\/\/www.promotio.sk\/shop\/nezaraden\u00e9\/arsuk\/"},"modified":"2024-03-18T14:12:47","modified_gmt":"2024-03-18T13:12:47","slug":"arsuk","status":"publish","type":"product","link":"https:\/\/www.promotio.sk\/de\/shop\/promo-items\/christmas\/decorations\/arsuk\/","title":{"rendered":"Arsuk"},"content":{"rendered":"<p>100% Geschenkbeutel aus Baumwolle mit Weihnachtsbaummotiv. Eine sch\u00f6ne M\u00f6glichkeit, Ihre Geschenke w\u00e4hrend der Weihnachtszeit zu verpacken.<br \/>\nDiese Beutel sind normalerweise mit dem Bild eines stilisierten Weihnachtsbaums mit seinen Zweigen und festlichen Dekorationen verziert. Wenn Sie sich f\u00fcr einen Beutel mit Weihnachtsbaummotiv entscheiden, k\u00f6nnen Sie Ihren Geschenken einen Hauch von Charme und Festlichkeit verleihen. Dar\u00fcber hinaus sind diese Beutel wiederverwendbar, was sie zu einer nachhaltigeren Option macht.<br \/>\nMit einer Geschenkt\u00fcte mit Weihnachtsbaummotiv fallen Ihre Geschenke unter dem Baum auf und sorgen f\u00fcr noch mehr Freude in der Weihnachtszeit!<br \/>Zusammensetzung: Algod\u00f3n.<br \/>Bemerkungen: Cara lisa especial para impresi\u00f3n.<\/p>","protected":false},"excerpt":{"rendered":"<p>100% cotton gift bag with a Christmas tree design. It is a lovely option to wrap your gifts during the<\/p>","protected":false},"featured_media":34012,"comment_status":"open","ping_status":"closed","template":"","meta":[],"product_cat":[611,612],"product_tag":[],"class_list":{"0":"post-34011","1":"product","2":"type-product","3":"status-publish","4":"has-post-thumbnail","6":"product_cat-christmas","7":"product_cat-decorations","9":"first","10":"instock","11":"shipping-taxable","12":"purchasable","13":"product-type-variable"},"_links":{"self":[{"href":"https:\/\/www.promotio.sk\/de\/wp-json\/wp\/v2\/product\/34011","targetHints":{"allow":["GET"]}}],"collection":[{"href":"https:\/\/www.promotio.sk\/de\/wp-json\/wp\/v2\/product"}],"about":[{"href":"https:\/\/www.promotio.sk\/de\/wp-json\/wp\/v2\/types\/product"}],"replies":[{"embeddable":true,"href":"https:\/\/www.promotio.sk\/de\/wp-json\/wp\/v2\/comments?post=34011"}],"wp:featuredmedia":[{"embeddable":true,"href":"https:\/\/www.promotio.sk\/de\/wp-json\/wp\/v2\/media\/34012"}],"wp:attachment":[{"href":"https:\/\/www.promotio.sk\/de\/wp-json\/wp\/v2\/media?parent=34011"}],"wp:term":[{"taxonomy":"product_cat","embeddable":true,"href":"https:\/\/www.promotio.sk\/de\/wp-json\/wp\/v2\/product_cat?post=34011"},{"taxonomy":"product_tag","embeddable":true,"href":"https:\/\/www.promotio.sk\/de\/wp-json\/wp\/v2\/product_tag?post=34011"}],"curies":[{"name":"wp","href":"https:\/\/api.w.org\/{rel}","templated":true}]}}