{"id":33996,"date":"2024-03-18T14:10:28","date_gmt":"2024-03-18T13:10:28","guid":{"rendered":"https:\/\/www.promotio.sk\/shop\/nezaraden\u00e9\/savik\/"},"modified":"2024-03-18T14:11:14","modified_gmt":"2024-03-18T13:11:14","slug":"savik","status":"publish","type":"product","link":"https:\/\/www.promotio.sk\/de\/shop\/promo-items\/christmas\/decorations\/savik\/","title":{"rendered":"SAVIK"},"content":{"rendered":"<p>Weihnachtsschmuck aus recyceltem und abbaubarem Papier mit Samen ist eine \u00f6kologische und bezaubernde M\u00f6glichkeit, den Weihnachtsbaum zu schm\u00fccken.<br \/>\nDiese Ornamente werden aus Recyclingpapier hergestellt, was dazu beitr\u00e4gt, ihre Umweltbelastung zu verringern. Dar\u00fcber hinaus enthalten sie Samen in ihrer Zusammensetzung, was ihnen eine besondere Eigenschaft verleiht. Nach der Verwendung k\u00f6nnen sie im Garten oder in einem Topf eingepflanzt werden, und die Samen keimen und wachsen.<br \/>\nZu jedem Schmuckst\u00fcck liegt ein Band bei, mit dem Sie es einfach an den Baum h\u00e4ngen und der Weihnachtsdekoration eine festliche Note verleihen k\u00f6nnen.<br \/>Zusammensetzung: recyceltes Papier.<br \/>Anmerkungen: Medida dise\u00f1o \u00e1rbol: 8 x 10 cm<br \/>\nBalldesign-Ma\u00df: 7<\/p>","protected":false},"excerpt":{"rendered":"<p>Christmas ornaments made from recycled and degradable paper with seeds are an ecological and charming option to decorate the Christmas<\/p>","protected":false},"featured_media":33997,"comment_status":"open","ping_status":"closed","template":"","meta":[],"product_cat":[611,612],"product_tag":[],"class_list":{"0":"post-33996","1":"product","2":"type-product","3":"status-publish","4":"has-post-thumbnail","6":"product_cat-christmas","7":"product_cat-decorations","9":"first","10":"instock","11":"shipping-taxable","12":"purchasable","13":"product-type-variable"},"_links":{"self":[{"href":"https:\/\/www.promotio.sk\/de\/wp-json\/wp\/v2\/product\/33996","targetHints":{"allow":["GET"]}}],"collection":[{"href":"https:\/\/www.promotio.sk\/de\/wp-json\/wp\/v2\/product"}],"about":[{"href":"https:\/\/www.promotio.sk\/de\/wp-json\/wp\/v2\/types\/product"}],"replies":[{"embeddable":true,"href":"https:\/\/www.promotio.sk\/de\/wp-json\/wp\/v2\/comments?post=33996"}],"wp:featuredmedia":[{"embeddable":true,"href":"https:\/\/www.promotio.sk\/de\/wp-json\/wp\/v2\/media\/33997"}],"wp:attachment":[{"href":"https:\/\/www.promotio.sk\/de\/wp-json\/wp\/v2\/media?parent=33996"}],"wp:term":[{"taxonomy":"product_cat","embeddable":true,"href":"https:\/\/www.promotio.sk\/de\/wp-json\/wp\/v2\/product_cat?post=33996"},{"taxonomy":"product_tag","embeddable":true,"href":"https:\/\/www.promotio.sk\/de\/wp-json\/wp\/v2\/product_tag?post=33996"}],"curies":[{"name":"wp","href":"https:\/\/api.w.org\/{rel}","templated":true}]}}