{"id":33883,"date":"2024-03-18T13:34:08","date_gmt":"2024-03-18T12:34:08","guid":{"rendered":"https:\/\/www.promotio.sk\/shop\/nezaraden\u00e9\/shira\/"},"modified":"2024-03-18T13:35:20","modified_gmt":"2024-03-18T12:35:20","slug":"shira","status":"publish","type":"product","link":"https:\/\/www.promotio.sk\/de\/shop\/promo-items\/tools_car-pets-accessoriess\/pets_accessories\/shira\/","title":{"rendered":"SHIRA"},"content":{"rendered":"<p>Praktischer und widerstandsf\u00e4higer Faltnapf f\u00fcr Haustiere. Geeignet f\u00fcr Fl\u00fcssigkeiten und Feststoffe. Leicht zu verstauen. In verschiedenen Farben erh\u00e4ltlich. Fassungsverm\u00f6gen 450 ml. Passender Metallkarabiner inklusive.<br \/>\n<br \/>Zusammensetzung: TPR<\/p>","protected":false},"excerpt":{"rendered":"<p>Practical and resistant foldable bowl for pets. Suitable for liquids and solids. Easy storage. Available in different colours. 450 ml<\/p>","protected":false},"featured_media":33884,"comment_status":"open","ping_status":"closed","template":"","meta":[],"product_cat":[610],"product_tag":[],"class_list":{"0":"post-33883","1":"product","2":"type-product","3":"status-publish","4":"has-post-thumbnail","6":"product_cat-pets_accessories","8":"first","9":"instock","10":"shipping-taxable","11":"purchasable","12":"product-type-variable"},"_links":{"self":[{"href":"https:\/\/www.promotio.sk\/de\/wp-json\/wp\/v2\/product\/33883","targetHints":{"allow":["GET"]}}],"collection":[{"href":"https:\/\/www.promotio.sk\/de\/wp-json\/wp\/v2\/product"}],"about":[{"href":"https:\/\/www.promotio.sk\/de\/wp-json\/wp\/v2\/types\/product"}],"replies":[{"embeddable":true,"href":"https:\/\/www.promotio.sk\/de\/wp-json\/wp\/v2\/comments?post=33883"}],"wp:featuredmedia":[{"embeddable":true,"href":"https:\/\/www.promotio.sk\/de\/wp-json\/wp\/v2\/media\/33884"}],"wp:attachment":[{"href":"https:\/\/www.promotio.sk\/de\/wp-json\/wp\/v2\/media?parent=33883"}],"wp:term":[{"taxonomy":"product_cat","embeddable":true,"href":"https:\/\/www.promotio.sk\/de\/wp-json\/wp\/v2\/product_cat?post=33883"},{"taxonomy":"product_tag","embeddable":true,"href":"https:\/\/www.promotio.sk\/de\/wp-json\/wp\/v2\/product_tag?post=33883"}],"curies":[{"name":"wp","href":"https:\/\/api.w.org\/{rel}","templated":true}]}}