{"id":33874,"date":"2024-03-18T13:33:07","date_gmt":"2024-03-18T12:33:07","guid":{"rendered":"https:\/\/www.promotio.sk\/shop\/nezaraden\u00e9\/murdok\/"},"modified":"2024-03-18T13:33:34","modified_gmt":"2024-03-18T12:33:34","slug":"murdok","status":"publish","type":"product","link":"https:\/\/www.promotio.sk\/de\/shop\/promo-items\/tools_car-pets-accessoriess\/tools\/murdok\/","title":{"rendered":"MURDOK"},"content":{"rendered":"<p>Multitool mit Geh\u00e4use und Zubeh\u00f6r aus Edelstahl und Bambusgriff. 12 Funktionen: Rasierer, S\u00e4ge, Feile, \u00d6ffner, Schraubendreher und Zange. Inklusive Tragegurt.<br \/>Zusammensetzung: Edelstahl und Bambus.<br \/>Bemerkungen: Pr\u00e4sentation im \u00d6kokarton.<\/p>","protected":false},"excerpt":{"rendered":"<p>Multi-tool with stainless steel body and accessories and bamboo grip. 12 functions: razor, saw, file, opener, screwdriver and pliers. Includes<\/p>","protected":false},"featured_media":33875,"comment_status":"open","ping_status":"closed","template":"","meta":[],"product_cat":[609],"product_tag":[],"class_list":{"0":"post-33874","1":"product","2":"type-product","3":"status-publish","4":"has-post-thumbnail","6":"product_cat-tools","8":"first","9":"instock","10":"shipping-taxable","11":"product-type-variable"},"_links":{"self":[{"href":"https:\/\/www.promotio.sk\/de\/wp-json\/wp\/v2\/product\/33874","targetHints":{"allow":["GET"]}}],"collection":[{"href":"https:\/\/www.promotio.sk\/de\/wp-json\/wp\/v2\/product"}],"about":[{"href":"https:\/\/www.promotio.sk\/de\/wp-json\/wp\/v2\/types\/product"}],"replies":[{"embeddable":true,"href":"https:\/\/www.promotio.sk\/de\/wp-json\/wp\/v2\/comments?post=33874"}],"wp:featuredmedia":[{"embeddable":true,"href":"https:\/\/www.promotio.sk\/de\/wp-json\/wp\/v2\/media\/33875"}],"wp:attachment":[{"href":"https:\/\/www.promotio.sk\/de\/wp-json\/wp\/v2\/media?parent=33874"}],"wp:term":[{"taxonomy":"product_cat","embeddable":true,"href":"https:\/\/www.promotio.sk\/de\/wp-json\/wp\/v2\/product_cat?post=33874"},{"taxonomy":"product_tag","embeddable":true,"href":"https:\/\/www.promotio.sk\/de\/wp-json\/wp\/v2\/product_tag?post=33874"}],"curies":[{"name":"wp","href":"https:\/\/api.w.org\/{rel}","templated":true}]}}