{"id":33841,"date":"2024-03-18T13:25:39","date_gmt":"2024-03-18T12:25:39","guid":{"rendered":"https:\/\/www.promotio.sk\/shop\/nezaraden\u00e9\/kini\/"},"modified":"2024-03-19T09:27:49","modified_gmt":"2024-03-19T08:27:49","slug":"kini","status":"publish","type":"product","link":"https:\/\/www.promotio.sk\/de\/shop\/promo-items\/tools_car-pets-accessoriess\/car_accessories\/kini\/","title":{"rendered":"KINI"},"content":{"rendered":"<p>Auto-Sonnenschutz mit beiden Seitenteilen aus Aluminium im Noppendesign. In den oberen beiden Ecken zwei \u00d6sen f\u00fcr Saugn\u00e4pfe. Einfassung und Gummib\u00e4nder zum Zusammenklappen in verschiedenen Farben erh\u00e4ltlich. Saugn\u00e4pfe inklusive.<br \/>Zusammensetzung: Sonnenschutz: Aluminium und 230 g\/m\u00b2 Schaumstoff.<br \/>\nEinfassung: Vlies.<br \/>\n\u00d6sen: Edelstahl.<br \/>Bemerkungen: Dicke: 2,5 mm.<br \/>\nMindestabnahme: volle Kiste.<br \/>\nMa\u00dfe: 130 x 65 cm.<br \/>\nPr\u00e4sentation im Flat-Format. <\/p>","protected":false},"excerpt":{"rendered":"<p>Car sun shield with both aluminium sides in a bubble design. Two eyelets in both upper corners for suction cups.<\/p>","protected":false},"featured_media":33842,"comment_status":"open","ping_status":"closed","template":"","meta":[],"product_cat":[606,605],"product_tag":[],"class_list":{"0":"post-33841","1":"product","2":"type-product","3":"status-publish","4":"has-post-thumbnail","6":"product_cat-car_accessories","7":"product_cat-tools_car-pets-accessoriess","9":"first","10":"instock","11":"shipping-taxable","12":"purchasable","13":"product-type-variable"},"_links":{"self":[{"href":"https:\/\/www.promotio.sk\/de\/wp-json\/wp\/v2\/product\/33841","targetHints":{"allow":["GET"]}}],"collection":[{"href":"https:\/\/www.promotio.sk\/de\/wp-json\/wp\/v2\/product"}],"about":[{"href":"https:\/\/www.promotio.sk\/de\/wp-json\/wp\/v2\/types\/product"}],"replies":[{"embeddable":true,"href":"https:\/\/www.promotio.sk\/de\/wp-json\/wp\/v2\/comments?post=33841"}],"wp:featuredmedia":[{"embeddable":true,"href":"https:\/\/www.promotio.sk\/de\/wp-json\/wp\/v2\/media\/33842"}],"wp:attachment":[{"href":"https:\/\/www.promotio.sk\/de\/wp-json\/wp\/v2\/media?parent=33841"}],"wp:term":[{"taxonomy":"product_cat","embeddable":true,"href":"https:\/\/www.promotio.sk\/de\/wp-json\/wp\/v2\/product_cat?post=33841"},{"taxonomy":"product_tag","embeddable":true,"href":"https:\/\/www.promotio.sk\/de\/wp-json\/wp\/v2\/product_tag?post=33841"}],"curies":[{"name":"wp","href":"https:\/\/api.w.org\/{rel}","templated":true}]}}