{"id":33785,"date":"2024-03-18T13:20:00","date_gmt":"2024-03-18T12:20:00","guid":{"rendered":"https:\/\/www.promotio.sk\/shop\/nezaraden\u00e9\/rifter\/"},"modified":"2024-03-19T09:24:02","modified_gmt":"2024-03-19T08:24:02","slug":"rifter","status":"publish","type":"product","link":"https:\/\/www.promotio.sk\/de\/shop\/promo-items\/tools_car-pets-accessoriess\/car_accessories\/rifter\/","title":{"rendered":"RIFTER"},"content":{"rendered":"<p>Kofferraum-Organizer aus widerstandsf\u00e4higem Vlies. Verst\u00e4rkte Griffe, Seitengriffe und Vordertasche. Stabiler Boden f\u00fcr bessere Anpassung.<\/p>\n<p>Zusammensetzung: Vlies<\/p>","protected":false},"excerpt":{"rendered":"<p>Car trunk organizer in resistant non-woven. Reinforced handles, side handles and front pocket. Rigid base for better adjustment. Composition: Non-woven<\/p>","protected":false},"featured_media":33786,"comment_status":"open","ping_status":"closed","template":"","meta":[],"product_cat":[606,605],"product_tag":[],"class_list":{"0":"post-33785","1":"product","2":"type-product","3":"status-publish","4":"has-post-thumbnail","6":"product_cat-car_accessories","7":"product_cat-tools_car-pets-accessoriess","9":"first","10":"instock","11":"shipping-taxable","12":"purchasable","13":"product-type-variable"},"_links":{"self":[{"href":"https:\/\/www.promotio.sk\/de\/wp-json\/wp\/v2\/product\/33785","targetHints":{"allow":["GET"]}}],"collection":[{"href":"https:\/\/www.promotio.sk\/de\/wp-json\/wp\/v2\/product"}],"about":[{"href":"https:\/\/www.promotio.sk\/de\/wp-json\/wp\/v2\/types\/product"}],"replies":[{"embeddable":true,"href":"https:\/\/www.promotio.sk\/de\/wp-json\/wp\/v2\/comments?post=33785"}],"wp:featuredmedia":[{"embeddable":true,"href":"https:\/\/www.promotio.sk\/de\/wp-json\/wp\/v2\/media\/33786"}],"wp:attachment":[{"href":"https:\/\/www.promotio.sk\/de\/wp-json\/wp\/v2\/media?parent=33785"}],"wp:term":[{"taxonomy":"product_cat","embeddable":true,"href":"https:\/\/www.promotio.sk\/de\/wp-json\/wp\/v2\/product_cat?post=33785"},{"taxonomy":"product_tag","embeddable":true,"href":"https:\/\/www.promotio.sk\/de\/wp-json\/wp\/v2\/product_tag?post=33785"}],"curies":[{"name":"wp","href":"https:\/\/api.w.org\/{rel}","templated":true}]}}