{"id":33452,"date":"2024-03-12T22:37:26","date_gmt":"2024-03-12T21:37:26","guid":{"rendered":"https:\/\/www.promotio.sk\/shop\/nezaraden\u00e9\/patrol\/"},"modified":"2024-03-12T22:51:55","modified_gmt":"2024-03-12T21:51:55","slug":"patrol","status":"publish","type":"product","link":"https:\/\/www.promotio.sk\/de\/shop\/promo-clothing\/workwear\/horeca\/patrol\/","title":{"rendered":"PATROUILLIEREN"},"content":{"rendered":"<p>Lange Unisex-Hose aus technischem Gewebe. \u00b7 Hinten verstellbarer Gummibund. \u00b7 G\u00fcrtelschlaufen. \u00b7 Zwei Seitentaschen im klassischen Schnitt. \u00b7 Zwei Seitentaschen in den N\u00e4hten mit verdeckten Rei\u00dfverschl\u00fcssen. \u00b7 Ges\u00e4\u00dftasche mit Druckknopf. \u00b7 Falten an den Knien. \u00b7 Doppelnaht an Innenbein, Schritt und Saum. \u00b7 PVC-Versteller und elastische B\u00e4nder an den S\u00e4umen.<br \/>Zusammensetzung: 90% Polyester \/ 10% Elastan, 235 g\/m\u00b2.<br \/><img decoding=\"async\" src=\"https:\/\/static.gorfactory.es\/pics\/measures\/PA_HO.jpg\"><\/p>","protected":false},"excerpt":{"rendered":"<p>Long unisex trousers in technical fabric. \u00b7 Back adjustable elastic waistband. \u00b7 Belt loops. \u00b7 Two side pockets in a<\/p>","protected":false},"featured_media":33453,"comment_status":"open","ping_status":"closed","template":"","meta":[],"product_cat":[564,563],"product_tag":[],"class_list":{"0":"post-33452","1":"product","2":"type-product","3":"status-publish","4":"has-post-thumbnail","6":"product_cat-horeca","7":"product_cat-workwear","9":"first","10":"instock","11":"shipping-taxable","12":"purchasable","13":"product-type-variable"},"_links":{"self":[{"href":"https:\/\/www.promotio.sk\/de\/wp-json\/wp\/v2\/product\/33452","targetHints":{"allow":["GET"]}}],"collection":[{"href":"https:\/\/www.promotio.sk\/de\/wp-json\/wp\/v2\/product"}],"about":[{"href":"https:\/\/www.promotio.sk\/de\/wp-json\/wp\/v2\/types\/product"}],"replies":[{"embeddable":true,"href":"https:\/\/www.promotio.sk\/de\/wp-json\/wp\/v2\/comments?post=33452"}],"wp:featuredmedia":[{"embeddable":true,"href":"https:\/\/www.promotio.sk\/de\/wp-json\/wp\/v2\/media\/33453"}],"wp:attachment":[{"href":"https:\/\/www.promotio.sk\/de\/wp-json\/wp\/v2\/media?parent=33452"}],"wp:term":[{"taxonomy":"product_cat","embeddable":true,"href":"https:\/\/www.promotio.sk\/de\/wp-json\/wp\/v2\/product_cat?post=33452"},{"taxonomy":"product_tag","embeddable":true,"href":"https:\/\/www.promotio.sk\/de\/wp-json\/wp\/v2\/product_tag?post=33452"}],"curies":[{"name":"wp","href":"https:\/\/api.w.org\/{rel}","templated":true}]}}