{"id":33063,"date":"2024-03-12T20:42:13","date_gmt":"2024-03-12T19:42:13","guid":{"rendered":"https:\/\/www.promotio.sk\/shop\/nezaraden\u00e9\/protect\/"},"modified":"2024-03-12T22:24:16","modified_gmt":"2024-03-12T21:24:16","slug":"protect","status":"publish","type":"product","link":"https:\/\/www.promotio.sk\/de\/shop\/promo-clothing\/workwear\/industry_services\/protect\/","title":{"rendered":"SCH\u00dcTZEN"},"content":{"rendered":"<p>Lange, gerade geschnittene Arbeitshose ohne B\u00fcgelfalten.<br \/>\n\u00b7 Elastischer Hosenbund zur besseren Anpassung.<br \/>\n\u00b7 Zwei Ges\u00e4\u00dftaschen und eine Seitentasche mit Rei\u00dfverschluss auf der rechten Seite.<br \/>\n\u00b7 Zwei Seitentaschen, links mit Patte und Balg sowie Innentasche, rechts mit mehreren F\u00e4chern.<br \/>\n\u00b7 G\u00fcrtelhalter f\u00fcr Schl\u00fcssel.<br \/>\n\u00b7 Innentaschen zum Knieschutz.<br \/>\n\u00b7 G\u00fcrtelschlaufen auf der R\u00fcckseite und an den Seitentaschen.<br \/>\n<br \/>Zusammensetzung: 65% Polyester \/ 35% Baumwolle, 245 g\/m\u00b2.<br \/>Bemerkungen: *Hohe Qualit\u00e4t.<br \/><img decoding=\"async\" src=\"https:\/\/static.gorfactory.es\/pics\/measures\/PA_HO.jpg\"><\/p>","protected":false},"excerpt":{"rendered":"<p>Long straight-cut work trousers without pleats. \u00b7 Elastic waistband for better adjustment. \u00b7 Two back pockets and a side one<\/p>","protected":false},"featured_media":33064,"comment_status":"open","ping_status":"closed","template":"","meta":[],"product_cat":[566,563],"product_tag":[],"class_list":{"0":"post-33063","1":"product","2":"type-product","3":"status-publish","4":"has-post-thumbnail","6":"product_cat-industry_services","7":"product_cat-workwear","9":"first","10":"instock","11":"shipping-taxable","12":"purchasable","13":"product-type-variable"},"_links":{"self":[{"href":"https:\/\/www.promotio.sk\/de\/wp-json\/wp\/v2\/product\/33063","targetHints":{"allow":["GET"]}}],"collection":[{"href":"https:\/\/www.promotio.sk\/de\/wp-json\/wp\/v2\/product"}],"about":[{"href":"https:\/\/www.promotio.sk\/de\/wp-json\/wp\/v2\/types\/product"}],"replies":[{"embeddable":true,"href":"https:\/\/www.promotio.sk\/de\/wp-json\/wp\/v2\/comments?post=33063"}],"wp:featuredmedia":[{"embeddable":true,"href":"https:\/\/www.promotio.sk\/de\/wp-json\/wp\/v2\/media\/33064"}],"wp:attachment":[{"href":"https:\/\/www.promotio.sk\/de\/wp-json\/wp\/v2\/media?parent=33063"}],"wp:term":[{"taxonomy":"product_cat","embeddable":true,"href":"https:\/\/www.promotio.sk\/de\/wp-json\/wp\/v2\/product_cat?post=33063"},{"taxonomy":"product_tag","embeddable":true,"href":"https:\/\/www.promotio.sk\/de\/wp-json\/wp\/v2\/product_tag?post=33063"}],"curies":[{"name":"wp","href":"https:\/\/api.w.org\/{rel}","templated":true}]}}