{"id":32658,"date":"2024-03-12T14:49:09","date_gmt":"2024-03-12T13:49:09","guid":{"rendered":"https:\/\/www.promotio.sk\/shop\/nezaraden\u00e9\/enix\/"},"modified":"2024-03-12T15:16:22","modified_gmt":"2024-03-12T14:16:22","slug":"enix","status":"publish","type":"product","link":"https:\/\/www.promotio.sk\/de\/shop\/promo-clothing\/workwear\/highvis\/enix\/","title":{"rendered":"ENIX"},"content":{"rendered":"<p>Gef\u00fctterte, gut sichtbare lange Hose mit mehreren Taschen.<br \/>\n\u00b7 Fleecefutter.<br \/>\n\u00b7 Kontrastierende fluoreszierende Details in den Taschen.<br \/>\n\u00b7 Elastischer Bund hinten.<br \/>\n\u00b7 Zwei Fronttaschen.<br \/>\n\u00b7 Zwei Ges\u00e4\u00dftaschen mit Patte und Klettverschluss.<br \/>\n\u00b7 Zwei plissierte Seitentaschen mit Patte und Klettverschluss<br \/>\n  Befestigung.<br \/>\n\u00b7 Zweifarbige Kombination und horizontale Hochformat<br \/>\n   Sichtbarkeitsstreifen.<br \/>Zusammensetzung: Zwei Schichten:<br \/>\nAu\u00dfenmaterial: 80% Polyester und 20% Baumwolle, 235 g\/m\u00b2 Twill.<br \/>\nFutter: 100% Fleece-Polyester, 185 g\/m\u00b2.<br \/>\n<br \/>Bemerkungen: CE-Konformit\u00e4t gem\u00e4\u00df folgenden Normen: EN ISO 13688:2013\/A1:2021 und EN ISO 20471:2013\/A1:2017.<br \/>\nKlasse I.<\/p>","protected":false},"excerpt":{"rendered":"<p>Lined high-visibility multipocket long trousers. \u00b7 Fleece lining. \u00b7 Contrasting fluor details in pockets. \u00b7 Back elastic waistband. \u00b7 Two<\/p>","protected":false},"featured_media":32659,"comment_status":"open","ping_status":"closed","template":"","meta":[],"product_cat":[565,563],"product_tag":[],"class_list":{"0":"post-32658","1":"product","2":"type-product","3":"status-publish","4":"has-post-thumbnail","6":"product_cat-highvis","7":"product_cat-workwear","9":"first","10":"outofstock","11":"shipping-taxable","12":"purchasable","13":"product-type-variable"},"_links":{"self":[{"href":"https:\/\/www.promotio.sk\/de\/wp-json\/wp\/v2\/product\/32658","targetHints":{"allow":["GET"]}}],"collection":[{"href":"https:\/\/www.promotio.sk\/de\/wp-json\/wp\/v2\/product"}],"about":[{"href":"https:\/\/www.promotio.sk\/de\/wp-json\/wp\/v2\/types\/product"}],"replies":[{"embeddable":true,"href":"https:\/\/www.promotio.sk\/de\/wp-json\/wp\/v2\/comments?post=32658"}],"wp:featuredmedia":[{"embeddable":true,"href":"https:\/\/www.promotio.sk\/de\/wp-json\/wp\/v2\/media\/32659"}],"wp:attachment":[{"href":"https:\/\/www.promotio.sk\/de\/wp-json\/wp\/v2\/media?parent=32658"}],"wp:term":[{"taxonomy":"product_cat","embeddable":true,"href":"https:\/\/www.promotio.sk\/de\/wp-json\/wp\/v2\/product_cat?post=32658"},{"taxonomy":"product_tag","embeddable":true,"href":"https:\/\/www.promotio.sk\/de\/wp-json\/wp\/v2\/product_tag?post=32658"}],"curies":[{"name":"wp","href":"https:\/\/api.w.org\/{rel}","templated":true}]}}