{"id":32604,"date":"2024-03-12T14:45:19","date_gmt":"2024-03-12T13:45:19","guid":{"rendered":"https:\/\/www.promotio.sk\/shop\/nezaraden\u00e9\/merak\/"},"modified":"2024-03-12T14:49:07","modified_gmt":"2024-03-12T13:49:07","slug":"merak","status":"publish","type":"product","link":"https:\/\/www.promotio.sk\/de\/shop\/promo-clothing\/workwear\/highvis\/merak\/","title":{"rendered":"MERAK"},"content":{"rendered":"<p>Kombinierter und wattierter Warnschutzparka.<br \/>\n\u00b7 Wasserdichtes Gewebe mit hei\u00dfversiegelten N\u00e4hten.<br \/>\n\u00b7 Faltbare Kapuze mit verstellbarem Kordelzug.<br \/>\n\u00b7 Zwei horizontale Warnstreifen auf Brust und<br \/>\n  \u00c4rmeln und vertikal auf den Schultern.<br \/>\n\u00b7 Brusttasche mit Patte, Klettverschluss und Ausweis.<br \/>\n\u00b7 Zwei Fronttaschen mit Klappe.<br \/>\n\u00b7 Innentasche mit Rei\u00dfverschluss.<br \/>\n\u00b7 Verdeckte 1\u00d71 Rippb\u00fcndchen.<br \/>\n\u00b7 Frontleiste mit Metallschlie\u00dfkn\u00f6pfen und doppeltem<br \/>\n   Rei\u00dfverschluss vorne.<br \/>\n\u00b7 Innerer Zugang f\u00fcr Siebdruck.<\/p>\n<p>Zusammensetzung: Au\u00dfenmaterial: 100% wasserdichtes, laminiertes Polyester.<br \/>\nFutter: 100% Polyester.<br \/>\nWattierung: 100% Polyester.<br \/>\n365 g\/m\u00b2.<br \/>\n<br \/>Bemerkungen: CE-Konformit\u00e4t gem\u00e4\u00df folgenden Normen: EN ISO 13688:2013\/A1:2021<br \/>\nEN ISO 20471:2013\/A1:2017.<br \/>\nUNE-EN 343:2019. Klasse 3_1<br \/>\nUNE-EN 14058:2017. Klasse 4_2_0,24_WP<br \/>\nKlasse II: 221 \u2013 55221 \u2013 55223 \u2013 52221 \u2013 23221.<\/p>","protected":false},"excerpt":{"rendered":"<p>Combined and padded high-visibility parka. \u00b7 Waterproof fabric with heat-sealed seams. \u00b7 Foldable hood with adjustable drawcord. \u00b7 Two horizontal<\/p>","protected":false},"featured_media":32605,"comment_status":"open","ping_status":"closed","template":"","meta":[],"product_cat":[565,563],"product_tag":[],"class_list":{"0":"post-32604","1":"product","2":"type-product","3":"status-publish","4":"has-post-thumbnail","6":"product_cat-highvis","7":"product_cat-workwear","9":"first","10":"instock","11":"shipping-taxable","12":"purchasable","13":"product-type-variable"},"_links":{"self":[{"href":"https:\/\/www.promotio.sk\/de\/wp-json\/wp\/v2\/product\/32604","targetHints":{"allow":["GET"]}}],"collection":[{"href":"https:\/\/www.promotio.sk\/de\/wp-json\/wp\/v2\/product"}],"about":[{"href":"https:\/\/www.promotio.sk\/de\/wp-json\/wp\/v2\/types\/product"}],"replies":[{"embeddable":true,"href":"https:\/\/www.promotio.sk\/de\/wp-json\/wp\/v2\/comments?post=32604"}],"wp:featuredmedia":[{"embeddable":true,"href":"https:\/\/www.promotio.sk\/de\/wp-json\/wp\/v2\/media\/32605"}],"wp:attachment":[{"href":"https:\/\/www.promotio.sk\/de\/wp-json\/wp\/v2\/media?parent=32604"}],"wp:term":[{"taxonomy":"product_cat","embeddable":true,"href":"https:\/\/www.promotio.sk\/de\/wp-json\/wp\/v2\/product_cat?post=32604"},{"taxonomy":"product_tag","embeddable":true,"href":"https:\/\/www.promotio.sk\/de\/wp-json\/wp\/v2\/product_tag?post=32604"}],"curies":[{"name":"wp","href":"https:\/\/api.w.org\/{rel}","templated":true}]}}