{"id":32531,"date":"2024-03-12T14:40:47","date_gmt":"2024-03-12T13:40:47","guid":{"rendered":"https:\/\/www.promotio.sk\/shop\/nezaraden\u00e9\/atrio-ls\/"},"modified":"2024-03-12T14:45:16","modified_gmt":"2024-03-12T13:45:16","slug":"atrio-ls","status":"publish","type":"product","link":"https:\/\/www.promotio.sk\/de\/shop\/promo-clothing\/workwear\/highvis\/atrio-ls\/","title":{"rendered":"ATRIO LS"},"content":{"rendered":"<p>Technisches, gut sichtbares Langarm-Poloshirt.<br \/>\n\u00b7 1\u00d71 Rippkragen.<br \/>\n\u00b7 Kontrastierende 3-Knopf-Leiste.<br \/>\n\u00b7 Zwei segmentierte Warnstreifen auf Brust und<br \/>\n   \u00c4rmel.<br \/>\n\u00b7 Bequemes Mischgewebe aus Polyester und Baumwolle f\u00fcr<br \/>\n  h\u00f6here Atmungsaktivit\u00e4t.<br \/>\n\u00b7 Optionale Tasche.<br \/>\n<br \/>Zusammensetzung: 55% Baumwolle und 45% Polyester, 170 g\/m\u00b2.<br \/>Bemerkungen: CE-Konformit\u00e4t gem\u00e4\u00df folgenden Normen: EN ISO 13688:2013\/A1:2021<br \/>\nEN ISO 20471:2013\/A1:2017.<br \/>\nKlasse I: 55221 \u2013 55223 \u2013 52221 \u2013 23221.<br \/>\nKlasse II: 221 \u2013 223.<\/p>","protected":false},"excerpt":{"rendered":"<p>Technical high-visibility long-sleeve polo shirt. \u00b7 1&#215;1 ribbed collar. \u00b7 Contrasting 3-button placket. \u00b7 Two segmented high-visibility strips on chest<\/p>","protected":false},"featured_media":32532,"comment_status":"open","ping_status":"closed","template":"","meta":[],"product_cat":[565,563],"product_tag":[],"class_list":{"0":"post-32531","1":"product","2":"type-product","3":"status-publish","4":"has-post-thumbnail","6":"product_cat-highvis","7":"product_cat-workwear","9":"first","10":"instock","11":"shipping-taxable","12":"purchasable","13":"product-type-variable"},"_links":{"self":[{"href":"https:\/\/www.promotio.sk\/de\/wp-json\/wp\/v2\/product\/32531","targetHints":{"allow":["GET"]}}],"collection":[{"href":"https:\/\/www.promotio.sk\/de\/wp-json\/wp\/v2\/product"}],"about":[{"href":"https:\/\/www.promotio.sk\/de\/wp-json\/wp\/v2\/types\/product"}],"replies":[{"embeddable":true,"href":"https:\/\/www.promotio.sk\/de\/wp-json\/wp\/v2\/comments?post=32531"}],"wp:featuredmedia":[{"embeddable":true,"href":"https:\/\/www.promotio.sk\/de\/wp-json\/wp\/v2\/media\/32532"}],"wp:attachment":[{"href":"https:\/\/www.promotio.sk\/de\/wp-json\/wp\/v2\/media?parent=32531"}],"wp:term":[{"taxonomy":"product_cat","embeddable":true,"href":"https:\/\/www.promotio.sk\/de\/wp-json\/wp\/v2\/product_cat?post=32531"},{"taxonomy":"product_tag","embeddable":true,"href":"https:\/\/www.promotio.sk\/de\/wp-json\/wp\/v2\/product_tag?post=32531"}],"curies":[{"name":"wp","href":"https:\/\/api.w.org\/{rel}","templated":true}]}}