{"id":32402,"date":"2024-03-12T14:31:28","date_gmt":"2024-03-12T13:31:28","guid":{"rendered":"https:\/\/www.promotio.sk\/shop\/nezaraden\u00e9\/tauri\/"},"modified":"2024-03-12T14:36:04","modified_gmt":"2024-03-12T13:36:04","slug":"tauri","status":"publish","type":"product","link":"https:\/\/www.promotio.sk\/de\/shop\/promo-clothing\/workwear\/highvis\/tauri\/","title":{"rendered":"TAURI"},"content":{"rendered":"<p>Technisches, gut sichtbares Kurzarm-T-Shirt.<br \/>\n\u00b7 Rundhalsausschnitt aus Hauptstoff.<br \/>\n\u00b7 Zwei segmentierte Warnstreifen auf Brust und<br \/>\n   eine an den \u00c4rmeln.<br \/>\n\u00b7 Bequemes Mischgewebe aus Polyester und Baumwolle f\u00fcr<br \/>\n   h\u00f6here Atmungsaktivit\u00e4t.<br \/>Zusammensetzung: 55% Baumwolle und 45% Polyester, 170 g\/m\u00b2<br \/>Bemerkungen: CE-Konformit\u00e4t gem\u00e4\u00df folgenden Normen: EN ISO 13688:2013\/A1:2021<br \/>\nEN ISO 20471:2013\/A1:2017.<br \/>\nKlasse I: 55221 \u2013 55223 \u2013 52221 \u2013 23221.<br \/>\nKlasse II: 221 \u2013 223.<\/p>","protected":false},"excerpt":{"rendered":"<p>Technical high-visibility short-sleeve t-shirt. \u00b7 Crew neck in main fabric. \u00b7 Two segmented high-visibility strips on chest and one on<\/p>","protected":false},"featured_media":32403,"comment_status":"open","ping_status":"closed","template":"","meta":[],"product_cat":[565,563],"product_tag":[],"class_list":{"0":"post-32402","1":"product","2":"type-product","3":"status-publish","4":"has-post-thumbnail","6":"product_cat-highvis","7":"product_cat-workwear","9":"first","10":"instock","11":"shipping-taxable","12":"purchasable","13":"product-type-variable"},"_links":{"self":[{"href":"https:\/\/www.promotio.sk\/de\/wp-json\/wp\/v2\/product\/32402","targetHints":{"allow":["GET"]}}],"collection":[{"href":"https:\/\/www.promotio.sk\/de\/wp-json\/wp\/v2\/product"}],"about":[{"href":"https:\/\/www.promotio.sk\/de\/wp-json\/wp\/v2\/types\/product"}],"replies":[{"embeddable":true,"href":"https:\/\/www.promotio.sk\/de\/wp-json\/wp\/v2\/comments?post=32402"}],"wp:featuredmedia":[{"embeddable":true,"href":"https:\/\/www.promotio.sk\/de\/wp-json\/wp\/v2\/media\/32403"}],"wp:attachment":[{"href":"https:\/\/www.promotio.sk\/de\/wp-json\/wp\/v2\/media?parent=32402"}],"wp:term":[{"taxonomy":"product_cat","embeddable":true,"href":"https:\/\/www.promotio.sk\/de\/wp-json\/wp\/v2\/product_cat?post=32402"},{"taxonomy":"product_tag","embeddable":true,"href":"https:\/\/www.promotio.sk\/de\/wp-json\/wp\/v2\/product_tag?post=32402"}],"curies":[{"name":"wp","href":"https:\/\/api.w.org\/{rel}","templated":true}]}}