{"id":32389,"date":"2024-03-12T14:30:31","date_gmt":"2024-03-12T13:30:31","guid":{"rendered":"https:\/\/www.promotio.sk\/shop\/nezaraden\u00e9\/vega-ls\/"},"modified":"2024-03-12T14:31:25","modified_gmt":"2024-03-12T13:31:25","slug":"vega-ls","status":"publish","type":"product","link":"https:\/\/www.promotio.sk\/de\/shop\/promo-clothing\/workwear\/highvis\/vega-ls\/","title":{"rendered":"VEGA LS"},"content":{"rendered":"<p>Gut sichtbares Langarm-Poloshirt aus technischem Gewebe.<br \/>\n\u00b7 1\u00d71 Rippenstoff im Kragen und an den Manschetten.<br \/>\n\u00b7 Zwei segmentierte Warnstreifen auf Brust und<br \/>\n   zur\u00fcck.<br \/>\n\u00b7 Kontrastierende 3-Knopf-Leiste.<br \/>\n\u00b7 Der Stoff bleibt nicht h\u00e4ngen und trocknet leicht.<br \/>Zusammensetzung: 100% Vogelaugenpolyester, 170 g\/m\u00b2.<br \/>Anmerkungen: *Abnehmbares Etikett.<br \/>\n*Optionale Tasche.<br \/>\nCE-Konformit\u00e4t gem\u00e4\u00df folgender Normen:<br \/>\nEN ISO 13688:2013\/A1:2021<br \/>\nEN ISO 20471:2013\/A1:2017.<br \/>\nKlasse I.<\/p>","protected":false},"excerpt":{"rendered":"<p>High-visibility long-sleeve polo shirt in technical fabric. \u00b7 1&#215;1 ribbed fabric in collar and cuffs. \u00b7 Two segmented high-visibility strips<\/p>","protected":false},"featured_media":32390,"comment_status":"open","ping_status":"closed","template":"","meta":[],"product_cat":[565,563],"product_tag":[],"class_list":{"0":"post-32389","1":"product","2":"type-product","3":"status-publish","4":"has-post-thumbnail","6":"product_cat-highvis","7":"product_cat-workwear","9":"first","10":"instock","11":"shipping-taxable","12":"purchasable","13":"product-type-variable"},"_links":{"self":[{"href":"https:\/\/www.promotio.sk\/de\/wp-json\/wp\/v2\/product\/32389","targetHints":{"allow":["GET"]}}],"collection":[{"href":"https:\/\/www.promotio.sk\/de\/wp-json\/wp\/v2\/product"}],"about":[{"href":"https:\/\/www.promotio.sk\/de\/wp-json\/wp\/v2\/types\/product"}],"replies":[{"embeddable":true,"href":"https:\/\/www.promotio.sk\/de\/wp-json\/wp\/v2\/comments?post=32389"}],"wp:featuredmedia":[{"embeddable":true,"href":"https:\/\/www.promotio.sk\/de\/wp-json\/wp\/v2\/media\/32390"}],"wp:attachment":[{"href":"https:\/\/www.promotio.sk\/de\/wp-json\/wp\/v2\/media?parent=32389"}],"wp:term":[{"taxonomy":"product_cat","embeddable":true,"href":"https:\/\/www.promotio.sk\/de\/wp-json\/wp\/v2\/product_cat?post=32389"},{"taxonomy":"product_tag","embeddable":true,"href":"https:\/\/www.promotio.sk\/de\/wp-json\/wp\/v2\/product_tag?post=32389"}],"curies":[{"name":"wp","href":"https:\/\/api.w.org\/{rel}","templated":true}]}}