{"id":32181,"date":"2024-03-12T14:13:48","date_gmt":"2024-03-12T13:13:48","guid":{"rendered":"https:\/\/www.promotio.sk\/shop\/nezaraden\u00e9\/delta\/"},"modified":"2024-03-12T14:18:04","modified_gmt":"2024-03-12T13:18:04","slug":"delta","status":"publish","type":"product","link":"https:\/\/www.promotio.sk\/de\/shop\/promo-clothing\/workwear\/highvis\/delta\/","title":{"rendered":"DELTA"},"content":{"rendered":"<p>Technisches, gut sichtbares Kurzarm-T-Shirt.<br \/>\n\u00b7 Rundhalsausschnitt aus dem gleichen Stoff und verst\u00e4rkte, verdeckte N\u00e4hte am Innenkragen.<br \/>\n\u00b7 Ein Warnstreifen an den \u00c4rmeln und zwei auf Brust und R\u00fccken.<br \/>\n\u00b7 Atmungsaktives und leicht trocknendes Gewebe.<br \/>Zusammensetzung: 100% Vogelaugenpolyester, 130 g\/m\u00b2.<br \/>Bemerkungen: CE-Konformit\u00e4t gem\u00e4\u00df folgender Normen:<br \/>\nEN ISO 13688:2013\/A1:2021<br \/>\nEN ISO 20471:2013\/A1:2017.<br \/>\nKlasse I: 55221 \u2013 55223 \u2013 52221 \u2013 23221.<br \/>\nKlasse II: 221 \u2013 223<br \/>\n*Technischer Stoff.<br \/>\n*Gute Sichtbarkeit.<br \/>\n*Atmungsaktives Modell.<\/p>","protected":false},"excerpt":{"rendered":"<p>Technical high-visibility short-sleeve t-shirt. \u00b7 Crew neck in the same fabric and reinforced covered seams on inner collar. \u00b7 One<\/p>","protected":false},"featured_media":32182,"comment_status":"open","ping_status":"closed","template":"","meta":[],"product_cat":[565,563],"product_tag":[],"class_list":{"0":"post-32181","1":"product","2":"type-product","3":"status-publish","4":"has-post-thumbnail","6":"product_cat-highvis","7":"product_cat-workwear","9":"first","10":"instock","11":"shipping-taxable","12":"purchasable","13":"product-type-variable"},"_links":{"self":[{"href":"https:\/\/www.promotio.sk\/de\/wp-json\/wp\/v2\/product\/32181","targetHints":{"allow":["GET"]}}],"collection":[{"href":"https:\/\/www.promotio.sk\/de\/wp-json\/wp\/v2\/product"}],"about":[{"href":"https:\/\/www.promotio.sk\/de\/wp-json\/wp\/v2\/types\/product"}],"replies":[{"embeddable":true,"href":"https:\/\/www.promotio.sk\/de\/wp-json\/wp\/v2\/comments?post=32181"}],"wp:featuredmedia":[{"embeddable":true,"href":"https:\/\/www.promotio.sk\/de\/wp-json\/wp\/v2\/media\/32182"}],"wp:attachment":[{"href":"https:\/\/www.promotio.sk\/de\/wp-json\/wp\/v2\/media?parent=32181"}],"wp:term":[{"taxonomy":"product_cat","embeddable":true,"href":"https:\/\/www.promotio.sk\/de\/wp-json\/wp\/v2\/product_cat?post=32181"},{"taxonomy":"product_tag","embeddable":true,"href":"https:\/\/www.promotio.sk\/de\/wp-json\/wp\/v2\/product_tag?post=32181"}],"curies":[{"name":"wp","href":"https:\/\/api.w.org\/{rel}","templated":true}]}}