{"id":32107,"date":"2024-03-12T14:07:34","date_gmt":"2024-03-12T13:07:34","guid":{"rendered":"https:\/\/www.promotio.sk\/shop\/nezaraden\u00e9\/daily-hv\/"},"modified":"2024-03-12T14:11:32","modified_gmt":"2024-03-12T13:11:32","slug":"daily-hv","status":"publish","type":"product","link":"https:\/\/www.promotio.sk\/de\/shop\/promo-clothing\/workwear\/highvis\/daily-hv\/","title":{"rendered":"T\u00c4GLICHES HV"},"content":{"rendered":"<p>Lange Warnschutzhose f\u00fcr die Nacht aus widerstandsf\u00e4higem Stoff.<br \/>\n\u00b7 Verstellbarer, elastischer Bund auf der R\u00fcckseite.<br \/>\n\u00b7 Zwei Fronttaschen.<br \/>\n\u00b7 Funktionelle Ges\u00e4\u00dftasche mit Patte und Klettverschluss.<br \/>\n\u00b7 Zwei Seitentaschen mit Patte und Klettverschluss.<br \/>\n\u00b7 Verst\u00e4rkte Oberschenkelinnenseite.<br \/>\n\u00b7 Doppelter Stoff in den Kniesch\u00fctzern.<br \/>\n\u00b7 Zwei horizontale Warnstreifen. <br \/>Zusammensetzung: 65% Polyester \/ 35% Baumwolle, 240 g\/m\u00b2 Twill.<br \/>Bemerkungen: * Neu hinzugekommen: verst\u00e4rktes R\u00fcckenpolster.<br \/>\nCE zertifiziert nach:<br \/>\nEN ISO 13688:2013\/A1:2021<br \/>\nEN17353:2020<br \/>\nKlasse B2.<\/p>","protected":false},"excerpt":{"rendered":"<p>Night high-visibility long trousers in resistant fabric. \u00b7 Adjustable elastic waist at the back. \u00b7 Two front pockets. \u00b7 Back<\/p>","protected":false},"featured_media":32108,"comment_status":"open","ping_status":"closed","template":"","meta":[],"product_cat":[565,563],"product_tag":[],"class_list":{"0":"post-32107","1":"product","2":"type-product","3":"status-publish","4":"has-post-thumbnail","6":"product_cat-highvis","7":"product_cat-workwear","9":"first","10":"instock","11":"shipping-taxable","12":"purchasable","13":"product-type-variable"},"_links":{"self":[{"href":"https:\/\/www.promotio.sk\/de\/wp-json\/wp\/v2\/product\/32107","targetHints":{"allow":["GET"]}}],"collection":[{"href":"https:\/\/www.promotio.sk\/de\/wp-json\/wp\/v2\/product"}],"about":[{"href":"https:\/\/www.promotio.sk\/de\/wp-json\/wp\/v2\/types\/product"}],"replies":[{"embeddable":true,"href":"https:\/\/www.promotio.sk\/de\/wp-json\/wp\/v2\/comments?post=32107"}],"wp:featuredmedia":[{"embeddable":true,"href":"https:\/\/www.promotio.sk\/de\/wp-json\/wp\/v2\/media\/32108"}],"wp:attachment":[{"href":"https:\/\/www.promotio.sk\/de\/wp-json\/wp\/v2\/media?parent=32107"}],"wp:term":[{"taxonomy":"product_cat","embeddable":true,"href":"https:\/\/www.promotio.sk\/de\/wp-json\/wp\/v2\/product_cat?post=32107"},{"taxonomy":"product_tag","embeddable":true,"href":"https:\/\/www.promotio.sk\/de\/wp-json\/wp\/v2\/product_tag?post=32107"}],"curies":[{"name":"wp","href":"https:\/\/api.w.org\/{rel}","templated":true}]}}