{"id":32058,"date":"2024-03-12T14:03:16","date_gmt":"2024-03-12T13:03:16","guid":{"rendered":"https:\/\/www.promotio.sk\/shop\/nezaraden\u00e9\/polaris-l-s\/"},"modified":"2024-03-12T14:07:30","modified_gmt":"2024-03-12T13:07:30","slug":"polaris-l-s","status":"publish","type":"product","link":"https:\/\/www.promotio.sk\/de\/shop\/promo-clothing\/workwear\/highvis\/polaris-l-s\/","title":{"rendered":"POLARIS L\/S"},"content":{"rendered":"<p>Technisches, gut sichtbares Langarm-Poloshirt.<br \/>\n\u00b7 Kragen und Manschetten im 1\u00d71-Ripp-Muster.<br \/>\n\u00b7 3-Knopf-Leiste.<br \/>\n. Zwei Reflektorstreifen an \u00c4rmeln, Brust und R\u00fccken.<br \/>\n\u00b7 Der Stoff bleibt nicht h\u00e4ngen und trocknet leicht.<br \/>Zusammensetzung: 100% Polyester-Piqu\u00e9, 170 g\/m\u00b2.<br \/>Bemerkungen: *Optionale Tasche.<br \/>\nCE-Konformit\u00e4t gem\u00e4\u00df folgender Normen:<br \/>\nEN ISO 13688:2013\/A1:2021<br \/>\nEN ISO 20471:2013\/A1:2017.<br \/>\nKlasse II.<br \/>\n*Abnehmbares Etikett.<br \/>\n*Gute Sichtbarkeit.<\/p>","protected":false},"excerpt":{"rendered":"<p>Technical high-visibility long-sleeve polo shirt. \u00b7 1&#215;1 ribbed collar and cuffs. \u00b7 3-button placket. . Two reflective strips on sleeves,<\/p>","protected":false},"featured_media":32059,"comment_status":"open","ping_status":"closed","template":"","meta":[],"product_cat":[565,563],"product_tag":[],"class_list":{"0":"post-32058","1":"product","2":"type-product","3":"status-publish","4":"has-post-thumbnail","6":"product_cat-highvis","7":"product_cat-workwear","9":"first","10":"instock","11":"shipping-taxable","12":"purchasable","13":"product-type-variable"},"_links":{"self":[{"href":"https:\/\/www.promotio.sk\/de\/wp-json\/wp\/v2\/product\/32058","targetHints":{"allow":["GET"]}}],"collection":[{"href":"https:\/\/www.promotio.sk\/de\/wp-json\/wp\/v2\/product"}],"about":[{"href":"https:\/\/www.promotio.sk\/de\/wp-json\/wp\/v2\/types\/product"}],"replies":[{"embeddable":true,"href":"https:\/\/www.promotio.sk\/de\/wp-json\/wp\/v2\/comments?post=32058"}],"wp:featuredmedia":[{"embeddable":true,"href":"https:\/\/www.promotio.sk\/de\/wp-json\/wp\/v2\/media\/32059"}],"wp:attachment":[{"href":"https:\/\/www.promotio.sk\/de\/wp-json\/wp\/v2\/media?parent=32058"}],"wp:term":[{"taxonomy":"product_cat","embeddable":true,"href":"https:\/\/www.promotio.sk\/de\/wp-json\/wp\/v2\/product_cat?post=32058"},{"taxonomy":"product_tag","embeddable":true,"href":"https:\/\/www.promotio.sk\/de\/wp-json\/wp\/v2\/product_tag?post=32058"}],"curies":[{"name":"wp","href":"https:\/\/api.w.org\/{rel}","templated":true}]}}