{"id":31924,"date":"2024-03-12T13:51:19","date_gmt":"2024-03-12T12:51:19","guid":{"rendered":"https:\/\/www.promotio.sk\/shop\/nezaraden\u00e9\/antares\/"},"modified":"2024-03-12T13:55:05","modified_gmt":"2024-03-12T12:55:05","slug":"antares","status":"publish","type":"product","link":"https:\/\/www.promotio.sk\/de\/shop\/promo-clothing\/workwear\/highvis\/antares\/","title":{"rendered":"ANTARES"},"content":{"rendered":"<p>Zweifarbiges, gut sichtbares Softshell. Wasserdichtes und weiches Innenfutter mit hoher W\u00e4rmekapazit\u00e4t.<br \/>\n\u00b7 Hoher Kragen mit umgekehrtem Frontrei\u00dfverschluss.<br \/>\n\u00b7 Zwei Reflektorstreifen auf Brust und \u00c4rmeln.<br \/>\n. Drei Au\u00dfentaschen.<br \/>\n\u00b7 Elastischer Riemen an der Sauminnenseite mit Einstellschieber.<br \/>\n\u00b7 Klettverschl\u00fcsse an den B\u00fcndchen.<br \/>Zusammensetzung: Dreilagig. Au\u00dfenmaterial: 92% Polyester \/ 8% Elastan. Futter: 100% Mikrofleece-Polyester, 320 g\/m\u00b2.<br \/>Bemerkungen: *Gute Sichtbarkeit.<br \/>\n*Wasserdicht.<br \/>\n*Winddicht.<\/p>\n<p>CE-Konformit\u00e4t gem\u00e4\u00df den Normen:<br \/>\nEN ISO 13688:2013\/A1:2021<br \/>\nEN ISO 20471:2013\/A1:2017<br \/>\nKlasse II.<\/p>","protected":false},"excerpt":{"rendered":"<p>Two-colour high-visibility softshell. Waterproof and soft inner lining with high thermal capacity. \u00b7 High collar with front inverted zipper. \u00b7<\/p>","protected":false},"featured_media":31925,"comment_status":"open","ping_status":"closed","template":"","meta":[],"product_cat":[565,563],"product_tag":[],"class_list":{"0":"post-31924","1":"product","2":"type-product","3":"status-publish","4":"has-post-thumbnail","6":"product_cat-highvis","7":"product_cat-workwear","9":"first","10":"instock","11":"shipping-taxable","12":"purchasable","13":"product-type-variable"},"_links":{"self":[{"href":"https:\/\/www.promotio.sk\/de\/wp-json\/wp\/v2\/product\/31924","targetHints":{"allow":["GET"]}}],"collection":[{"href":"https:\/\/www.promotio.sk\/de\/wp-json\/wp\/v2\/product"}],"about":[{"href":"https:\/\/www.promotio.sk\/de\/wp-json\/wp\/v2\/types\/product"}],"replies":[{"embeddable":true,"href":"https:\/\/www.promotio.sk\/de\/wp-json\/wp\/v2\/comments?post=31924"}],"wp:featuredmedia":[{"embeddable":true,"href":"https:\/\/www.promotio.sk\/de\/wp-json\/wp\/v2\/media\/31925"}],"wp:attachment":[{"href":"https:\/\/www.promotio.sk\/de\/wp-json\/wp\/v2\/media?parent=31924"}],"wp:term":[{"taxonomy":"product_cat","embeddable":true,"href":"https:\/\/www.promotio.sk\/de\/wp-json\/wp\/v2\/product_cat?post=31924"},{"taxonomy":"product_tag","embeddable":true,"href":"https:\/\/www.promotio.sk\/de\/wp-json\/wp\/v2\/product_tag?post=31924"}],"curies":[{"name":"wp","href":"https:\/\/api.w.org\/{rel}","templated":true}]}}