{"id":31677,"date":"2024-03-12T13:29:19","date_gmt":"2024-03-12T12:29:19","guid":{"rendered":"https:\/\/www.promotio.sk\/shop\/nezaraden\u00e9\/blazer\/"},"modified":"2024-03-12T13:30:56","modified_gmt":"2024-03-12T12:30:56","slug":"blazer","status":"publish","type":"product","link":"https:\/\/www.promotio.sk\/de\/shop\/promo-clothing\/workwear\/fire_retardant\/blazer\/","title":{"rendered":"BLAZER"},"content":{"rendered":"<p>Gerader Overall aus feuerhemmendem Stoff.<br \/>\n\u00b7 Frontleiste mit Rei\u00dfverschluss und Klettverschluss.<br \/>\n\u00b7 Linke Brusttasche mit Patte und Klettverschluss.<br \/>\n\u00b7 Zwei Seitentaschen mit Patte und Klettverschluss.<br \/>\n\u00b7 Eine gefaltete Seitentasche mit Klappe und Klettverschluss.<br \/>\n\u00b7 Verstellbare Manschetten.<br \/>\n\u00b7 Ges\u00e4\u00dftasche mit Klappe und Klettverschluss.<br \/>Zusammensetzung: 98% Baumwolle \/ 2% Kohlefaser, Twill, 360 g\/m\u00b2.<br \/>Bemerkungen: * Schutz vor Hitze und Flammen.<br \/>\n* Elektrostatische Eigenschaften.<br \/>\n* Schutz vor den thermischen Risiken von Lichtb\u00f6gen.<br \/>\n* Schutz beim Schwei\u00dfen und dergleichen.<\/p>\n<p>CE-Konformit\u00e4t gem\u00e4\u00df folgender Normen:<br \/>\nUNE-EN ISO 13688:2013\/A1:2021<br \/>\nUNE-EN ISO 11611:2018: KLASSE 2<br \/>\nUNE-EN ISO 11612:2018: A1, B1, C1, E3, F1.<br \/>\nUNE-EN 1149-5:2008<br \/>\nUNE-EN 61482-1-2:2015: APC =1<\/p>","protected":false},"excerpt":{"rendered":"<p>Straight overalls in fire retardant fabric. \u00b7 Front placket with zip and velcro fastening. \u00b7 Left chest pocket with flap<\/p>","protected":false},"featured_media":31678,"comment_status":"open","ping_status":"closed","template":"","meta":[],"product_cat":[569,563],"product_tag":[],"class_list":{"0":"post-31677","1":"product","2":"type-product","3":"status-publish","4":"has-post-thumbnail","6":"product_cat-fire_retardant","7":"product_cat-workwear","9":"first","10":"instock","11":"shipping-taxable","12":"purchasable","13":"product-type-variable"},"_links":{"self":[{"href":"https:\/\/www.promotio.sk\/de\/wp-json\/wp\/v2\/product\/31677","targetHints":{"allow":["GET"]}}],"collection":[{"href":"https:\/\/www.promotio.sk\/de\/wp-json\/wp\/v2\/product"}],"about":[{"href":"https:\/\/www.promotio.sk\/de\/wp-json\/wp\/v2\/types\/product"}],"replies":[{"embeddable":true,"href":"https:\/\/www.promotio.sk\/de\/wp-json\/wp\/v2\/comments?post=31677"}],"wp:featuredmedia":[{"embeddable":true,"href":"https:\/\/www.promotio.sk\/de\/wp-json\/wp\/v2\/media\/31678"}],"wp:attachment":[{"href":"https:\/\/www.promotio.sk\/de\/wp-json\/wp\/v2\/media?parent=31677"}],"wp:term":[{"taxonomy":"product_cat","embeddable":true,"href":"https:\/\/www.promotio.sk\/de\/wp-json\/wp\/v2\/product_cat?post=31677"},{"taxonomy":"product_tag","embeddable":true,"href":"https:\/\/www.promotio.sk\/de\/wp-json\/wp\/v2\/product_tag?post=31677"}],"curies":[{"name":"wp","href":"https:\/\/api.w.org\/{rel}","templated":true}]}}