{"id":31660,"date":"2024-03-12T13:27:39","date_gmt":"2024-03-12T12:27:39","guid":{"rendered":"https:\/\/www.promotio.sk\/shop\/nezaraden\u00e9\/cruiser\/"},"modified":"2024-03-12T13:29:17","modified_gmt":"2024-03-12T12:29:17","slug":"cruiser","status":"publish","type":"product","link":"https:\/\/www.promotio.sk\/de\/shop\/promo-clothing\/workwear\/fire_retardant\/cruiser\/","title":{"rendered":"KREUZER"},"content":{"rendered":"<p>Feuerhemmende Jacke.<br \/>\n \u00b7Frontleiste mit Rei\u00dfverschluss und Klettverschluss.<br \/>\n\u00b7 Zwei Fronttaschen auf der Brust mit Patte und Klettverschluss.<br \/>\n\u00b7 Zwei Seitentaschen mit Patte und Knopf.<br \/>\n\u00b7 mit Gummizug an den Seiten.<br \/>\n\u00b7 Elastische B\u00fcndchen.<br \/>Zusammensetzung: 98% Baumwolle \/ 2% Kohlefaser, Twill, 360 g\/m\u00b2.<br \/>Bemerkungen: * Schutz vor Hitze und Flammen.<br \/>\n* Elektrostatische Eigenschaften.<br \/>\n* Schutz vor den thermischen Risiken von Lichtb\u00f6gen.<br \/>\n* Schutz beim Schwei\u00dfen und dergleichen.<\/p>\n<p>CE-Konformit\u00e4t gem\u00e4\u00df folgender Normen:<br \/>\nUNE-EN ISO 13688:2013\/A1:2021<br \/>\nUNE-EN ISO 11611:2018: KLASSE 2<br \/>\nUNE-EN ISO 11612:2018: A1, B1, C1, E3, F1.<br \/>\nUNE-EN 1149-5:2008<br \/>\nUNE-EN 61482-1-2:2015: APC =1<\/p>","protected":false},"excerpt":{"rendered":"<p>Fire retardant jacket. \u00b7Front placket with zip and velcro fastening. \u00b7 Two front pockets on chest with flap and velcro<\/p>","protected":false},"featured_media":31661,"comment_status":"open","ping_status":"closed","template":"","meta":[],"product_cat":[569,563],"product_tag":[],"class_list":{"0":"post-31660","1":"product","2":"type-product","3":"status-publish","4":"has-post-thumbnail","6":"product_cat-fire_retardant","7":"product_cat-workwear","9":"first","10":"instock","11":"shipping-taxable","12":"purchasable","13":"product-type-variable"},"_links":{"self":[{"href":"https:\/\/www.promotio.sk\/de\/wp-json\/wp\/v2\/product\/31660","targetHints":{"allow":["GET"]}}],"collection":[{"href":"https:\/\/www.promotio.sk\/de\/wp-json\/wp\/v2\/product"}],"about":[{"href":"https:\/\/www.promotio.sk\/de\/wp-json\/wp\/v2\/types\/product"}],"replies":[{"embeddable":true,"href":"https:\/\/www.promotio.sk\/de\/wp-json\/wp\/v2\/comments?post=31660"}],"wp:featuredmedia":[{"embeddable":true,"href":"https:\/\/www.promotio.sk\/de\/wp-json\/wp\/v2\/media\/31661"}],"wp:attachment":[{"href":"https:\/\/www.promotio.sk\/de\/wp-json\/wp\/v2\/media?parent=31660"}],"wp:term":[{"taxonomy":"product_cat","embeddable":true,"href":"https:\/\/www.promotio.sk\/de\/wp-json\/wp\/v2\/product_cat?post=31660"},{"taxonomy":"product_tag","embeddable":true,"href":"https:\/\/www.promotio.sk\/de\/wp-json\/wp\/v2\/product_tag?post=31660"}],"curies":[{"name":"wp","href":"https:\/\/api.w.org\/{rel}","templated":true}]}}