{"id":31643,"date":"2024-03-12T13:26:08","date_gmt":"2024-03-12T12:26:08","guid":{"rendered":"https:\/\/www.promotio.sk\/shop\/nezaraden\u00e9\/santana\/"},"modified":"2024-03-12T13:27:36","modified_gmt":"2024-03-12T12:27:36","slug":"santana","status":"publish","type":"product","link":"https:\/\/www.promotio.sk\/de\/shop\/promo-clothing\/workwear\/fire_retardant\/santana\/","title":{"rendered":"SANTANA"},"content":{"rendered":"<p>Lang\u00e4rmeliges Poloshirt aus feuerhemmendem Stoff.<br \/>\n\u00b7 Kragen und Manschetten aus 1\u00d71 Rippenstoff.<br \/>\n\u00b7 Verst\u00e4rkte, abgedeckte N\u00e4hte im Kragen.<br \/>\n\u00b7 Verdeckte 3-Knopf-Leiste.<br \/>\n\u00b7 Seitliche Schlitze am Saum.<br \/>\n<br \/>Zusammensetzung: 60% Modacryl \/ 37% Baumwolle \/ 3% Kohlefaser, Single Jersey, 220 g\/m\u00b2.<br \/>Bemerkungen: * Schutz vor Hitze und Flammen.<br \/>\n* Elektrostatische Eigenschaften.<br \/>\n* Schutz vor den thermischen Risiken von Lichtb\u00f6gen. <\/p>\n<p>CE-Konformit\u00e4t gem\u00e4\u00df folgender Normen:<br \/>\nUNE-EN ISO 13688:2013\/A1:2021<br \/>\nUNE-EN ISO 11612:2018: A1, B1, C1, F1.<br \/>\nUNE-EN 1149-5:2008<br \/>\nUNE-EN 61482-1-2:2015: APC =1<\/p>","protected":false},"excerpt":{"rendered":"<p>Long-sleeve polo shirt in fire retardant fabric. \u00b7 Collar and cuffs in 1&#215;1 ribbed fabric. \u00b7 Reinforced covered seams in<\/p>","protected":false},"featured_media":31644,"comment_status":"open","ping_status":"closed","template":"","meta":[],"product_cat":[569,563],"product_tag":[],"class_list":{"0":"post-31643","1":"product","2":"type-product","3":"status-publish","4":"has-post-thumbnail","6":"product_cat-fire_retardant","7":"product_cat-workwear","9":"first","10":"instock","11":"shipping-taxable","12":"purchasable","13":"product-type-variable"},"_links":{"self":[{"href":"https:\/\/www.promotio.sk\/de\/wp-json\/wp\/v2\/product\/31643","targetHints":{"allow":["GET"]}}],"collection":[{"href":"https:\/\/www.promotio.sk\/de\/wp-json\/wp\/v2\/product"}],"about":[{"href":"https:\/\/www.promotio.sk\/de\/wp-json\/wp\/v2\/types\/product"}],"replies":[{"embeddable":true,"href":"https:\/\/www.promotio.sk\/de\/wp-json\/wp\/v2\/comments?post=31643"}],"wp:featuredmedia":[{"embeddable":true,"href":"https:\/\/www.promotio.sk\/de\/wp-json\/wp\/v2\/media\/31644"}],"wp:attachment":[{"href":"https:\/\/www.promotio.sk\/de\/wp-json\/wp\/v2\/media?parent=31643"}],"wp:term":[{"taxonomy":"product_cat","embeddable":true,"href":"https:\/\/www.promotio.sk\/de\/wp-json\/wp\/v2\/product_cat?post=31643"},{"taxonomy":"product_tag","embeddable":true,"href":"https:\/\/www.promotio.sk\/de\/wp-json\/wp\/v2\/product_tag?post=31643"}],"curies":[{"name":"wp","href":"https:\/\/api.w.org\/{rel}","templated":true}]}}