{"id":31354,"date":"2024-03-12T12:57:20","date_gmt":"2024-03-12T11:57:20","guid":{"rendered":"https:\/\/www.promotio.sk\/shop\/nezaraden\u00e9\/dabiz\/"},"modified":"2024-03-12T12:59:20","modified_gmt":"2024-03-12T11:59:20","slug":"dabiz","status":"publish","type":"product","link":"https:\/\/www.promotio.sk\/de\/shop\/promo-clothing\/workwear\/horeca\/dabiz\/","title":{"rendered":"DABIZ"},"content":{"rendered":"<p>Lang\u00e4rmelige Kochjacke.<br \/>\n\u00b7 \u00dcberkreuzter Frontverschluss mit verdeckten Druckkn\u00f6pfen.<br \/>\n\u00b7 Stehkragen und ma\u00dfgeschneiderte \u00c4rmel mit Umschl\u00e4gen an den Manschetten.<br \/>\n\u00b7 R\u00fcckseite aus atmungsaktivem Stoff.<br \/>\n\u00b7 Aufgesetzte Tasche am linken \u00c4rmel.<br \/>Zusammensetzung: Vorderstoff: 100% Mikrofaser-Polyester, 150 g\/m\u00b2.<br \/>\nR\u00fcckenstoff: 100% Vogelaugenpolyester, 135 g\/m\u00b2.<br \/>Bemerkungen: * Abnehmbares Etikett.<br \/><img decoding=\"async\" src=\"https:\/\/static.gorfactory.es\/pics\/measures\/CQ_HOMU.jpg\"><\/p>","protected":false},"excerpt":{"rendered":"<p>Long-sleeve chef jacket. \u00b7 Crossed front fastening with concealed press studs. \u00b7 Mandarin collar and tailored sleeves with turn-ups on<\/p>","protected":false},"featured_media":31355,"comment_status":"open","ping_status":"closed","template":"","meta":[],"product_cat":[564,563],"product_tag":[],"class_list":{"0":"post-31354","1":"product","2":"type-product","3":"status-publish","4":"has-post-thumbnail","6":"product_cat-horeca","7":"product_cat-workwear","9":"first","10":"instock","11":"shipping-taxable","12":"purchasable","13":"product-type-variable"},"_links":{"self":[{"href":"https:\/\/www.promotio.sk\/de\/wp-json\/wp\/v2\/product\/31354","targetHints":{"allow":["GET"]}}],"collection":[{"href":"https:\/\/www.promotio.sk\/de\/wp-json\/wp\/v2\/product"}],"about":[{"href":"https:\/\/www.promotio.sk\/de\/wp-json\/wp\/v2\/types\/product"}],"replies":[{"embeddable":true,"href":"https:\/\/www.promotio.sk\/de\/wp-json\/wp\/v2\/comments?post=31354"}],"wp:featuredmedia":[{"embeddable":true,"href":"https:\/\/www.promotio.sk\/de\/wp-json\/wp\/v2\/media\/31355"}],"wp:attachment":[{"href":"https:\/\/www.promotio.sk\/de\/wp-json\/wp\/v2\/media?parent=31354"}],"wp:term":[{"taxonomy":"product_cat","embeddable":true,"href":"https:\/\/www.promotio.sk\/de\/wp-json\/wp\/v2\/product_cat?post=31354"},{"taxonomy":"product_tag","embeddable":true,"href":"https:\/\/www.promotio.sk\/de\/wp-json\/wp\/v2\/product_tag?post=31354"}],"curies":[{"name":"wp","href":"https:\/\/api.w.org\/{rel}","templated":true}]}}