{"id":31088,"date":"2024-03-12T12:34:02","date_gmt":"2024-03-12T11:34:02","guid":{"rendered":"https:\/\/www.promotio.sk\/shop\/nezaraden\u00e9\/polux\/"},"modified":"2024-03-12T12:35:34","modified_gmt":"2024-03-12T11:35:34","slug":"polux","status":"publish","type":"product","link":"https:\/\/www.promotio.sk\/de\/shop\/promo-clothing\/workwear\/highvis\/polux\/","title":{"rendered":"POLUX"},"content":{"rendered":"<p>Warnweste mit Rei\u00dfverschluss.<br \/>\n\u00b7 Zwei horizontale Warnstreifen auf Brust und<br \/>\n   vertikale auf den Schultern.<br \/>\n\u00b7 Transparente Tasche auf der rechten Brust f\u00fcr ID-Tag.<br \/>Zusammensetzung: 100% Polyester.<br \/>Anmerkungen: *Abnehmbares Etikett.<br \/>\nCE-Konformit\u00e4t gem\u00e4\u00df:<br \/>\nEN ISO 13688:2013\/A1:2021<br \/>\nEN ISO 20471:2013\/A1:2017<br \/>\nKlasse II.<br \/>\n*Ma\u00dfe der Etikettentasche: 10,5 x 8 cm.<br \/><img decoding=\"async\" src=\"https:\/\/static.gorfactory.es\/pics\/measures\/CC_HOMU.jpg\"><\/p>","protected":false},"excerpt":{"rendered":"<p>High-visibility vest with zip. \u00b7 Two horizontal high-visibility strips on chest and vertical ones on shoulders. \u00b7 Transparent pocket on<\/p>","protected":false},"featured_media":31089,"comment_status":"open","ping_status":"closed","template":"","meta":[],"product_cat":[565,563],"product_tag":[],"class_list":{"0":"post-31088","1":"product","2":"type-product","3":"status-publish","4":"has-post-thumbnail","6":"product_cat-highvis","7":"product_cat-workwear","9":"first","10":"instock","11":"shipping-taxable","12":"purchasable","13":"product-type-variable"},"_links":{"self":[{"href":"https:\/\/www.promotio.sk\/de\/wp-json\/wp\/v2\/product\/31088","targetHints":{"allow":["GET"]}}],"collection":[{"href":"https:\/\/www.promotio.sk\/de\/wp-json\/wp\/v2\/product"}],"about":[{"href":"https:\/\/www.promotio.sk\/de\/wp-json\/wp\/v2\/types\/product"}],"replies":[{"embeddable":true,"href":"https:\/\/www.promotio.sk\/de\/wp-json\/wp\/v2\/comments?post=31088"}],"wp:featuredmedia":[{"embeddable":true,"href":"https:\/\/www.promotio.sk\/de\/wp-json\/wp\/v2\/media\/31089"}],"wp:attachment":[{"href":"https:\/\/www.promotio.sk\/de\/wp-json\/wp\/v2\/media?parent=31088"}],"wp:term":[{"taxonomy":"product_cat","embeddable":true,"href":"https:\/\/www.promotio.sk\/de\/wp-json\/wp\/v2\/product_cat?post=31088"},{"taxonomy":"product_tag","embeddable":true,"href":"https:\/\/www.promotio.sk\/de\/wp-json\/wp\/v2\/product_tag?post=31088"}],"curies":[{"name":"wp","href":"https:\/\/api.w.org\/{rel}","templated":true}]}}