{"id":30041,"date":"2024-03-11T23:54:21","date_gmt":"2024-03-11T22:54:21","guid":{"rendered":"https:\/\/www.promotio.sk\/shop\/nezaraden\u00e9\/adelpho\/"},"modified":"2024-03-12T08:24:14","modified_gmt":"2024-03-12T07:24:14","slug":"adelpho","status":"publish","type":"product","link":"https:\/\/www.promotio.sk\/de\/shop\/promo-clothing\/wint_sp\/sport-trousers\/adelpho\/","title":{"rendered":"ADELPHO"},"content":{"rendered":"<p>Lange Sporthose mit breitem verstellbarem Hosenbund, Kordelzug, anliegenden B\u00fcndchen an den Beinen, verst\u00e4rkten N\u00e4hten, gerippten Seitentaschen und eckiger Ges\u00e4\u00dftasche mit aufgen\u00e4hter Sicht. <br \/>Zusammensetzung: 60% Baumwolle \/ 40% Polyester, nicht geb\u00fcrstetes Vlies, 280 g\/m\u00b2.<br \/>\nGrau meliert 58: 85% Baumwolle \/ 15% Viskose.<br \/>Anmerkungen: *Abnehmbares Etikett.<br \/>\n*Duo-Konzept.<br \/>\n*In Kindergr\u00f6\u00dfen erh\u00e4ltlich.<br \/>\n<br \/><img decoding=\"async\" src=\"https:\/\/static.gorfactory.es\/pics\/measures\/PA1174.jpg\"><\/p>","protected":false},"excerpt":{"rendered":"<p>Long sports trousers with wide adjustable waistband, drawcord, fitted cuffs on legs, reinforced seams, ribbed side pockets and corner back<\/p>","protected":false},"featured_media":30042,"comment_status":"open","ping_status":"closed","template":"","meta":[],"product_cat":[547,533],"product_tag":[],"class_list":{"0":"post-30041","1":"product","2":"type-product","3":"status-publish","4":"has-post-thumbnail","6":"product_cat-sport-trousers","7":"product_cat-wint_sp","9":"first","10":"instock","11":"shipping-taxable","12":"purchasable","13":"product-type-variable"},"_links":{"self":[{"href":"https:\/\/www.promotio.sk\/de\/wp-json\/wp\/v2\/product\/30041","targetHints":{"allow":["GET"]}}],"collection":[{"href":"https:\/\/www.promotio.sk\/de\/wp-json\/wp\/v2\/product"}],"about":[{"href":"https:\/\/www.promotio.sk\/de\/wp-json\/wp\/v2\/types\/product"}],"replies":[{"embeddable":true,"href":"https:\/\/www.promotio.sk\/de\/wp-json\/wp\/v2\/comments?post=30041"}],"wp:featuredmedia":[{"embeddable":true,"href":"https:\/\/www.promotio.sk\/de\/wp-json\/wp\/v2\/media\/30042"}],"wp:attachment":[{"href":"https:\/\/www.promotio.sk\/de\/wp-json\/wp\/v2\/media?parent=30041"}],"wp:term":[{"taxonomy":"product_cat","embeddable":true,"href":"https:\/\/www.promotio.sk\/de\/wp-json\/wp\/v2\/product_cat?post=30041"},{"taxonomy":"product_tag","embeddable":true,"href":"https:\/\/www.promotio.sk\/de\/wp-json\/wp\/v2\/product_tag?post=30041"}],"curies":[{"name":"wp","href":"https:\/\/api.w.org\/{rel}","templated":true}]}}