{"id":29698,"date":"2024-03-11T23:27:59","date_gmt":"2024-03-11T22:27:59","guid":{"rendered":"https:\/\/www.promotio.sk\/shop\/nezaraden\u00e9\/player\/"},"modified":"2024-03-12T08:19:25","modified_gmt":"2024-03-12T07:19:25","slug":"player","status":"publish","type":"product","link":"https:\/\/www.promotio.sk\/de\/shop\/promo-clothing\/wint_sp\/sh_pant\/player\/","title":{"rendered":"SPIELER"},"content":{"rendered":"<p>Sportshorts ohne Innenslip und verstellbarem Gummibund mit Kordelzug. <br \/>Zusammensetzung: 100% Polyester-Piqu\u00e9, 140 g\/m\u00b2.<br \/>Bemerkungen: *Atmungsaktiver Piqu\u00e9-Stoff, leicht zu waschen und zu trocknen.<br \/>\n*Abnehmbares Etikett.<br \/>\n*Technischer Stoff.<br \/>\n*In Kindergr\u00f6\u00dfen erh\u00e4ltlich.<br \/><img decoding=\"async\" src=\"https:\/\/static.gorfactory.es\/pics\/measures\/PA_HO.jpg\"><\/p>","protected":false},"excerpt":{"rendered":"<p>Sports shorts without inner slip and ajustable elastic waist with drawcord. Composition: 100% polyester piqu\u00e9, 140 gsm.Remarks: *Breathable piqu\u00e9 fabric,<\/p>","protected":false},"featured_media":29699,"comment_status":"open","ping_status":"closed","template":"","meta":[],"product_cat":[548,533],"product_tag":[],"class_list":{"0":"post-29698","1":"product","2":"type-product","3":"status-publish","4":"has-post-thumbnail","6":"product_cat-sh_pant","7":"product_cat-wint_sp","9":"first","10":"instock","11":"shipping-taxable","12":"purchasable","13":"product-type-variable"},"_links":{"self":[{"href":"https:\/\/www.promotio.sk\/de\/wp-json\/wp\/v2\/product\/29698","targetHints":{"allow":["GET"]}}],"collection":[{"href":"https:\/\/www.promotio.sk\/de\/wp-json\/wp\/v2\/product"}],"about":[{"href":"https:\/\/www.promotio.sk\/de\/wp-json\/wp\/v2\/types\/product"}],"replies":[{"embeddable":true,"href":"https:\/\/www.promotio.sk\/de\/wp-json\/wp\/v2\/comments?post=29698"}],"wp:featuredmedia":[{"embeddable":true,"href":"https:\/\/www.promotio.sk\/de\/wp-json\/wp\/v2\/media\/29699"}],"wp:attachment":[{"href":"https:\/\/www.promotio.sk\/de\/wp-json\/wp\/v2\/media?parent=29698"}],"wp:term":[{"taxonomy":"product_cat","embeddable":true,"href":"https:\/\/www.promotio.sk\/de\/wp-json\/wp\/v2\/product_cat?post=29698"},{"taxonomy":"product_tag","embeddable":true,"href":"https:\/\/www.promotio.sk\/de\/wp-json\/wp\/v2\/product_tag?post=29698"}],"curies":[{"name":"wp","href":"https:\/\/api.w.org\/{rel}","templated":true}]}}