{"id":29499,"date":"2024-03-11T23:11:05","date_gmt":"2024-03-11T22:11:05","guid":{"rendered":"https:\/\/www.promotio.sk\/shop\/nezaraden\u00e9\/icaria-woman\/"},"modified":"2024-03-12T08:15:56","modified_gmt":"2024-03-12T07:15:56","slug":"icaria-woman","status":"publish","type":"product","link":"https:\/\/www.promotio.sk\/de\/shop\/promo-clothing\/wint_sp\/leggins\/icaria-woman\/","title":{"rendered":"ICARIA FRAU"},"content":{"rendered":"<p>Technische knielange Hose f\u00fcr Damen. Elastischer Bund und gekreuzter Innenkordelzug f\u00fcr einfache Anpassung. Gut sichtbare Details. Au\u00dfentasche hinten mit Rei\u00dfverschluss.<br \/>Zusammensetzung: 88% Polyester-Interlock\/ 12% Elastan, 220 g\/m\u00b2.<br \/>Anmerkungen: *Abnehmbares Etikett.<br \/>\n*Technischer Stoff.<br \/>\n*Atmungsaktiv.<br \/>\n*Duo-Konzept. <\/p>","protected":false},"excerpt":{"rendered":"<p>Technical knee-length pants for women. Elastic waistband and crossed inner cord for easy adjustment. High-visibility details. Exterior back pocket with<\/p>","protected":false},"featured_media":29500,"comment_status":"open","ping_status":"closed","template":"","meta":[],"product_cat":[549,533],"product_tag":[],"class_list":{"0":"post-29499","1":"product","2":"type-product","3":"status-publish","4":"has-post-thumbnail","6":"product_cat-leggins","7":"product_cat-wint_sp","9":"first","10":"instock","11":"shipping-taxable","12":"purchasable","13":"product-type-variable"},"_links":{"self":[{"href":"https:\/\/www.promotio.sk\/de\/wp-json\/wp\/v2\/product\/29499","targetHints":{"allow":["GET"]}}],"collection":[{"href":"https:\/\/www.promotio.sk\/de\/wp-json\/wp\/v2\/product"}],"about":[{"href":"https:\/\/www.promotio.sk\/de\/wp-json\/wp\/v2\/types\/product"}],"replies":[{"embeddable":true,"href":"https:\/\/www.promotio.sk\/de\/wp-json\/wp\/v2\/comments?post=29499"}],"wp:featuredmedia":[{"embeddable":true,"href":"https:\/\/www.promotio.sk\/de\/wp-json\/wp\/v2\/media\/29500"}],"wp:attachment":[{"href":"https:\/\/www.promotio.sk\/de\/wp-json\/wp\/v2\/media?parent=29499"}],"wp:term":[{"taxonomy":"product_cat","embeddable":true,"href":"https:\/\/www.promotio.sk\/de\/wp-json\/wp\/v2\/product_cat?post=29499"},{"taxonomy":"product_tag","embeddable":true,"href":"https:\/\/www.promotio.sk\/de\/wp-json\/wp\/v2\/product_tag?post=29499"}],"curies":[{"name":"wp","href":"https:\/\/api.w.org\/{rel}","templated":true}]}}