{"id":29419,"date":"2024-03-11T23:04:12","date_gmt":"2024-03-11T22:04:12","guid":{"rendered":"https:\/\/www.promotio.sk\/shop\/nezaraden\u00e9\/leire\/"},"modified":"2024-03-12T08:17:10","modified_gmt":"2024-03-12T07:17:10","slug":"leire","status":"publish","type":"product","link":"https:\/\/www.promotio.sk\/de\/shop\/promo-clothing\/wint_sp\/leggins\/leire\/","title":{"rendered":"LEIRE"},"content":{"rendered":"<p>Lange Damen-Leggings mit elastischem Bund und Seitenn\u00e4hten. Anatomisches Design. Extra weiche Textur.<br \/>Zusammensetzung: 92% Baumwolle \/ 8% Elastan, Single Jersey, 270 g\/m\u00b2.<br \/>\nGrau meliert 58: 81% Baumwolle \/ 13% Viskose \/ 6% Elastan.<br \/>Anmerkungen: *Abnehmbares Etikett.<br \/>\n*In Kindergr\u00f6\u00dfen erh\u00e4ltlich.<br \/>\n<br \/><img decoding=\"async\" src=\"https:\/\/static.gorfactory.es\/pics\/measures\/LG0405.jpg\"><\/p>","protected":false},"excerpt":{"rendered":"<p>Women&#8217;s long leggings with elastic waistband and side seams. Anatomic design. Extra-soft texture.Composition: 92% cotton \/ 8% elastane, single jersey,<\/p>","protected":false},"featured_media":29420,"comment_status":"open","ping_status":"closed","template":"","meta":[],"product_cat":[549,533],"product_tag":[],"class_list":{"0":"post-29419","1":"product","2":"type-product","3":"status-publish","4":"has-post-thumbnail","6":"product_cat-leggins","7":"product_cat-wint_sp","9":"first","10":"instock","11":"shipping-taxable","12":"purchasable","13":"product-type-variable"},"_links":{"self":[{"href":"https:\/\/www.promotio.sk\/de\/wp-json\/wp\/v2\/product\/29419","targetHints":{"allow":["GET"]}}],"collection":[{"href":"https:\/\/www.promotio.sk\/de\/wp-json\/wp\/v2\/product"}],"about":[{"href":"https:\/\/www.promotio.sk\/de\/wp-json\/wp\/v2\/types\/product"}],"replies":[{"embeddable":true,"href":"https:\/\/www.promotio.sk\/de\/wp-json\/wp\/v2\/comments?post=29419"}],"wp:featuredmedia":[{"embeddable":true,"href":"https:\/\/www.promotio.sk\/de\/wp-json\/wp\/v2\/media\/29420"}],"wp:attachment":[{"href":"https:\/\/www.promotio.sk\/de\/wp-json\/wp\/v2\/media?parent=29419"}],"wp:term":[{"taxonomy":"product_cat","embeddable":true,"href":"https:\/\/www.promotio.sk\/de\/wp-json\/wp\/v2\/product_cat?post=29419"},{"taxonomy":"product_tag","embeddable":true,"href":"https:\/\/www.promotio.sk\/de\/wp-json\/wp\/v2\/product_tag?post=29419"}],"curies":[{"name":"wp","href":"https:\/\/api.w.org\/{rel}","templated":true}]}}