{"id":29373,"date":"2024-03-11T23:00:32","date_gmt":"2024-03-11T22:00:32","guid":{"rendered":"https:\/\/www.promotio.sk\/shop\/nezaraden\u00e9\/cirene\/"},"modified":"2024-03-12T08:17:23","modified_gmt":"2024-03-12T07:17:23","slug":"cirene","status":"publish","type":"product","link":"https:\/\/www.promotio.sk\/de\/shop\/promo-clothing\/wint_sp\/leggins\/cirene\/","title":{"rendered":"CIRENE"},"content":{"rendered":"<p>Bedruckte Leggings in Kn\u00f6chell\u00e4nge f\u00fcr Damen. Verstellbarer hoher Bund. Ges\u00e4\u00dftasche im Bund mit gut sichtbarem Detail.<br \/>Zusammensetzung: 88% Polyester \/ 12% Elastan, 250 g\/m\u00b2<br \/>Bemerkungen: * Abnehmbares Etikett.<\/p>","protected":false},"excerpt":{"rendered":"<p>Women&#8217;s printed ankle-lenght leggings. Adjustable high waist. Back pocket in waistband with high-visibility detail.Composition: 88% polyester \/ 12% elastane ,250<\/p>","protected":false},"featured_media":29374,"comment_status":"open","ping_status":"closed","template":"","meta":[],"product_cat":[549,533],"product_tag":[],"class_list":{"0":"post-29373","1":"product","2":"type-product","3":"status-publish","4":"has-post-thumbnail","6":"product_cat-leggins","7":"product_cat-wint_sp","9":"first","10":"instock","11":"shipping-taxable","12":"purchasable","13":"product-type-variable"},"_links":{"self":[{"href":"https:\/\/www.promotio.sk\/de\/wp-json\/wp\/v2\/product\/29373","targetHints":{"allow":["GET"]}}],"collection":[{"href":"https:\/\/www.promotio.sk\/de\/wp-json\/wp\/v2\/product"}],"about":[{"href":"https:\/\/www.promotio.sk\/de\/wp-json\/wp\/v2\/types\/product"}],"replies":[{"embeddable":true,"href":"https:\/\/www.promotio.sk\/de\/wp-json\/wp\/v2\/comments?post=29373"}],"wp:featuredmedia":[{"embeddable":true,"href":"https:\/\/www.promotio.sk\/de\/wp-json\/wp\/v2\/media\/29374"}],"wp:attachment":[{"href":"https:\/\/www.promotio.sk\/de\/wp-json\/wp\/v2\/media?parent=29373"}],"wp:term":[{"taxonomy":"product_cat","embeddable":true,"href":"https:\/\/www.promotio.sk\/de\/wp-json\/wp\/v2\/product_cat?post=29373"},{"taxonomy":"product_tag","embeddable":true,"href":"https:\/\/www.promotio.sk\/de\/wp-json\/wp\/v2\/product_tag?post=29373"}],"curies":[{"name":"wp","href":"https:\/\/api.w.org\/{rel}","templated":true}]}}